{"id":116,"date":"2019-01-17T15:16:57","date_gmt":"2019-01-17T14:16:57","guid":{"rendered":"http:\/\/subitoradio.com\/?page_id=116"},"modified":"2023-05-04T12:05:44","modified_gmt":"2023-05-04T10:05:44","slug":"manifeste","status":"publish","type":"page","link":"https:\/\/subitoradio.com\/","title":{"rendered":"Manifeste"},"content":{"rendered":"<p>[et_pb_section fb_built=\u00a0\u00bb1&Prime; _builder_version=\u00a0\u00bb3.22&Prime; custom_margin=\u00a0\u00bb||-6px|||\u00a0\u00bb custom_padding=\u00a0\u00bb25px|0px|24px|0px\u00a0\u00bb global_colors_info=\u00a0\u00bb{}\u00a0\u00bb][et_pb_row column_structure=\u00a0\u00bb1_2,1_2&Prime; _builder_version=\u00a0\u00bb3.25&Prime; min_height=\u00a0\u00bb938.4px\u00a0\u00bb custom_padding=\u00a0\u00bb0px|0px|0px|0px\u00a0\u00bb global_colors_info=\u00a0\u00bb{}\u00a0\u00bb][et_pb_column type=\u00a0\u00bb1_2&Prime; _builder_version=\u00a0\u00bb3.25&Prime; custom_padding=\u00a0\u00bb|||\u00a0\u00bb global_colors_info=\u00a0\u00bb{}\u00a0\u00bb custom_padding__hover=\u00a0\u00bb|||\u00a0\u00bb][et_pb_image src=\u00a0\u00bbhttp:\/\/subitoradio.com\/wp-content\/uploads\/2019\/02\/SUBITORADIO_square2.png\u00a0\u00bb align_tablet=\u00a0\u00bbcenter\u00a0\u00bb align_phone=\u00a0\u00bbcenter\u00a0\u00bb align_last_edited=\u00a0\u00bbon|desktop\u00a0\u00bb _builder_version=\u00a0\u00bb3.23&Prime; custom_margin=\u00a0\u00bb|||\u00a0\u00bb global_colors_info=\u00a0\u00bb{}\u00a0\u00bb][\/et_pb_image][et_pb_audio audio=\u00a0\u00bbhttp:\/\/subitoradio.com\/wp-content\/uploads\/2023\/05\/marie-mix2.mp3&Prime; title=\u00a0\u00bbNouvel entretien avec Marie Ducat\u00e9\u00a0\u00bb artist_name=\u00a0\u00bb Armelle de Sainte Marie et Fr\u00e9d\u00e9ric Arcos\u00a0\u00bb _builder_version=\u00a0\u00bb4.11.4&Prime; _module_preset=\u00a0\u00bbdefault\u00a0\u00bb hover_enabled=\u00a0\u00bb0&Prime; global_colors_info=\u00a0\u00bb{}\u00a0\u00bb sticky_enabled=\u00a0\u00bb0&Prime;][\/et_pb_audio][et_pb_audio audio=\u00a0\u00bbhttp:\/\/subitoradio.com\/wp-content\/uploads\/2023\/05\/Marie-le-son-de-la-terre.mp3&Prime; title=\u00a0\u00bbMarie Ducat\u00e9 \/ Le son de la terre\u00a0\u00bb artist_name=\u00a0\u00bbFr\u00e9d\u00e9ric Arcos\u00a0\u00bb _builder_version=\u00a0\u00bb4.11.4&Prime; _module_preset=\u00a0\u00bbdefault\u00a0\u00bb global_colors_info=\u00a0\u00bb{}\u00a0\u00bb][\/et_pb_audio][\/et_pb_column][et_pb_column type=\u00a0\u00bb1_2&Prime; _builder_version=\u00a0\u00bb3.25&Prime; custom_padding=\u00a0\u00bb|||\u00a0\u00bb global_colors_info=\u00a0\u00bb{}\u00a0\u00bb custom_padding__hover=\u00a0\u00bb|||\u00a0\u00bb][et_pb_text _builder_version=\u00a0\u00bb4.11.4&Prime; custom_margin=\u00a0\u00bb|||\u00a0\u00bb custom_padding=\u00a0\u00bb|||\u00a0\u00bb global_colors_info=\u00a0\u00bb{}\u00a0\u00bb]<\/p>\n<p style=\"text-align: left;\"><strong>SUBITO RADIO<\/strong><\/p>\n<p style=\"text-align: left;\">La premi\u00e8re \u00e9dition de Subito Presto est n\u00e9e de l\u2019envie de deux<br \/>artistes, Allison Blumenthal et Claire Colin-Collin, d\u2019organiser une<br \/>exposition spontan\u00e9e en suivant leurs envies et leurs affinit\u00e9s.<br \/>La deuxi\u00e8me \u00e9dition a donn\u00e9 lieu \u00e0 de nombreux \u00e9changes et avec eux le d\u00e9sir de les partager et d\u2019en garder une trace : Subito Radio.<\/p>\n<p style=\"text-align: left;\">Le parti pris est celui de la parole.<\/p>\n<p style=\"text-align: left;\">On parle de cr\u00e9ation en choisissant de ne pas en montrer d\u2019images, puisque la rencontre avec l\u2019\u0153uvre est d\u2019une autre nature : physique.<br \/>Les regardeurs deviennent pour un temps auditeurs.<br \/>L\u2019ambiance est celle de l\u2019atelier, o\u00f9 deux artistes viennent \u00e0 la<br \/>rencontre d\u2019un\/e troisi\u00e8me dans son univers.<\/p>\n<p style=\"text-align: left;\">Cette rencontre est enregistr\u00e9e : \u00e0 partir de ce qui est visible ce<br \/>jour-l\u00e0 dans l\u2019atelier, la discussion prend sa tournure. Les<br \/>enregistrements restent assez bruts, parce que l\u2019envie est celle d\u2019\u00e9couter la parole des artistes telle quelle. Sans interm\u00e9diaire, sans<br \/>recadrage. Avec tout ce que l\u2019imperfection peut faire entendre.<\/p>\n<p style=\"text-align: left;\"><strong><img loading=\"lazy\" decoding=\"async\" src=\"http:\/\/subitoradio.com\/wp-content\/uploads\/2023\/05\/thumbnail_atelier_3.jpg\" alt=\"\" class=\"wp-image-822 alignnone size-full\" width=\"222\" height=\"290\" \/><\/strong><\/p>\n<p>[\/et_pb_text][\/et_pb_column][\/et_pb_row][\/et_pb_section]<\/p>\n","protected":false},"excerpt":{"rendered":"<p>SUBITO RADIO La premi\u00e8re \u00e9dition de Subito Presto est n\u00e9e de l\u2019envie de deuxartistes, Allison Blumenthal et Claire Colin-Collin, d\u2019organiser uneexposition spontan\u00e9e en suivant leurs envies et leurs affinit\u00e9s.La deuxi\u00e8me \u00e9dition a donn\u00e9 lieu \u00e0 de nombreux \u00e9changes et avec eux le d\u00e9sir de les partager et d\u2019en garder une trace : Subito Radio. Le [&hellip;]<\/p>\n","protected":false},"author":1,"featured_media":0,"parent":0,"menu_order":0,"comment_status":"closed","ping_status":"closed","template":"","meta":{"_et_pb_use_builder":"on","_et_pb_old_content":"","_et_gb_content_width":"","footnotes":""},"class_list":["post-116","page","type-page","status-publish","hentry"],"_links":{"self":[{"href":"https:\/\/subitoradio.com\/index.php\/wp-json\/wp\/v2\/pages\/116","targetHints":{"allow":["GET"]}}],"collection":[{"href":"https:\/\/subitoradio.com\/index.php\/wp-json\/wp\/v2\/pages"}],"about":[{"href":"https:\/\/subitoradio.com\/index.php\/wp-json\/wp\/v2\/types\/page"}],"author":[{"embeddable":true,"href":"https:\/\/subitoradio.com\/index.php\/wp-json\/wp\/v2\/users\/1"}],"replies":[{"embeddable":true,"href":"https:\/\/subitoradio.com\/index.php\/wp-json\/wp\/v2\/comments?post=116"}],"version-history":[{"count":19,"href":"https:\/\/subitoradio.com\/index.php\/wp-json\/wp\/v2\/pages\/116\/revisions"}],"predecessor-version":[{"id":828,"href":"https:\/\/subitoradio.com\/index.php\/wp-json\/wp\/v2\/pages\/116\/revisions\/828"}],"wp:attachment":[{"href":"https:\/\/subitoradio.com\/index.php\/wp-json\/wp\/v2\/media?parent=116"}],"curies":[{"name":"wp","href":"https:\/\/api.w.org\/{rel}","templated":true}]}}