{"id":217,"date":"2019-04-26T10:58:46","date_gmt":"2019-04-26T08:58:46","guid":{"rendered":"http:\/\/subitoradio.com\/?page_id=217"},"modified":"2019-10-16T19:42:16","modified_gmt":"2019-10-16T17:42:16","slug":"daniel-mato","status":"publish","type":"page","link":"https:\/\/subitoradio.com\/index.php\/daniel-mato\/","title":{"rendered":"Daniel Mato"},"content":{"rendered":"<p>[et_pb_section fb_built=\u00a0\u00bb1&Prime; _builder_version=\u00a0\u00bb3.0.95&Prime; custom_padding=\u00a0\u00bb25px|0px|25px|0px\u00a0\u00bb][et_pb_row custom_padding=\u00a0\u00bb0px|0px|0px|0px\u00a0\u00bb _builder_version=\u00a0\u00bb3.0.95&Prime; module_alignment=\u00a0\u00bbcenter\u00a0\u00bb][et_pb_column type=\u00a0\u00bb4_4&Prime; _builder_version=\u00a0\u00bb3.0.47&Prime; parallax=\u00a0\u00bboff\u00a0\u00bb parallax_method=\u00a0\u00bbon\u00a0\u00bb][et_pb_image src=\u00a0\u00bbhttp:\/\/subitoradio.com\/wp-content\/uploads\/2019\/04\/danielmatophotonb.jpg\u00a0\u00bb show_bottom_space=\u00a0\u00bboff\u00a0\u00bb align=\u00a0\u00bbcenter\u00a0\u00bb _builder_version=\u00a0\u00bb3.0.95&Prime; custom_margin=\u00a0\u00bb0px|0px|0px|0px\u00a0\u00bb custom_padding=\u00a0\u00bb0px|0px|0px|0px\u00a0\u00bb][\/et_pb_image][\/et_pb_column][\/et_pb_row][\/et_pb_section][et_pb_section fb_built=\u00a0\u00bb1&Prime; _builder_version=\u00a0\u00bb3.0.95&Prime; custom_padding=\u00a0\u00bb25px|0px|25px|0px\u00a0\u00bb][et_pb_row custom_padding=\u00a0\u00bb0px|0px|0px|0px\u00a0\u00bb _builder_version=\u00a0\u00bb3.0.95&Prime;][et_pb_column type=\u00a0\u00bb1_3&Prime; _builder_version=\u00a0\u00bb3.0.47&Prime; parallax=\u00a0\u00bboff\u00a0\u00bb parallax_method=\u00a0\u00bbon\u00a0\u00bb][et_pb_team_member name=\u00a0\u00bbDaniel Mato\u00a0\u00bb position=\u00a0\u00bbArtiste\u00a0\u00bb _builder_version=\u00a0\u00bb3.0.95&Prime;]<a href=\"danielmato.blogspot.com\" target=\"_blank\" rel=\"noopener noreferrer\">www.danielmato.com<\/a>[\/et_pb_team_member][et_pb_audio audio=\u00a0\u00bbhttp:\/\/subitoradio.com\/wp-content\/uploads\/2019\/04\/daniel-mato-mix.mp3&Prime; title=\u00a0\u00bbEntretien radiophonique avec Daniel Mato\u00a0\u00bb artist_name=\u00a0\u00bbClaire Colin Collin et Sylvain Roche\u00a0\u00bb album_name=\u00a0\u00bbin situ\u00a0\u00bb _builder_version=\u00a0\u00bb3.0.95&Prime; background_color=\u00a0\u00bb#f19095&Prime;][\/et_pb_audio][\/et_pb_column][et_pb_column type=\u00a0\u00bb2_3&Prime; _builder_version=\u00a0\u00bb3.0.47&Prime; parallax=\u00a0\u00bboff\u00a0\u00bb parallax_method=\u00a0\u00bbon\u00a0\u00bb][et_pb_text _builder_version=\u00a0\u00bb3.0.95&Prime;]<\/p>\n<p>Ma pratique picturale est dict\u00e9e par les journ\u00e9es d\u2019atelier et ce qui s\u2019y passe. Il n\u2019y a pas d\u2019id\u00e9es pr\u00e9alables \u00e0 un tableau. Chaque peinture avance et s\u2019\u00e9labore par les \u00e9v\u00e9nements qui se produisent au sein de l\u2019atelier. Chaque tableau s\u2019enrichit des exp\u00e9riences pass\u00e9es. Il n\u2019y a pas pour autant de s\u00e9ries. Avec le temps, une logique et des relations se font entre les toiles. Il y a des r\u00e9currences de formes, de process, que j\u2019essaye de rejouer, d\u2019accorder de fa\u00e7ons diff\u00e9rentes.<\/p>\n<p>Depuis quelques ann\u00e9es, je peins sur de la toile de coton laiss\u00e9e vierge. De fa\u00e7on tr\u00e8s liquide. Et de cette unique fa\u00e7on. Cette limite a ouvert l\u2019espace de mes toiles et le champ des possibles. Avec un traitement unique de la surface, j\u2019ai le sentiment de pouvoir tout me permettre, d\u2019avoir gagn\u00e9 en libert\u00e9. Par cette technique unique je ne bifurque plus de mes principales pr\u00e9occupations. Je ne me retrouve plus bloqu\u00e9 par ce que j\u2019appelle \u00ab\u00a0le m\u00e9tier du peintre\u00a0\u00bb et par cons\u00e9quent j\u2019ai le sentiment de me consacrer uniquement \u00e0 l\u2019exp\u00e9rience du regard. Je m\u2019en tiens aux faits, et non plus \u00e0 comment faire.<\/p>\n<p>Peindre de fa\u00e7on horizontale, au sol ou sur des tr\u00e9teaux, me donne le sentiment d\u2019\u00eatre davantage \u00ab\u00a0dans ma peinture\u00a0\u00bb. Davantage acteur que spectateur de ce qui est en train de se passer. Je suis au dessus, et non devant. Je vois, par projection, par sentiment, le tableau qui sera ensuite vu dans sa verticalit\u00e9. Tant qu\u2019il n\u2019est pas sec, je ne peux pas le relever pour l\u2019observer avant la prochaine \u00e9tape. Et parfois, je n\u2019attends pas, je me laisse guider par un sentiment ou un \u00e9tat.<\/p>\n<p>Plus mon travail avance et plus la question de la couleur et de ses possibilit\u00e9s devient centrale. La forme devient pr\u00e9texte \u00e0 laisser agir la couleur, la peinture se diffuse dans la trame du coton, pour donner cet aspect velout\u00e9, comme si la couleur venait de l\u2019int\u00e9rieur du tableau. Nulle forme n\u2019est pr\u00e9alable \u00e0 la couleur. C\u2019est \u00e0 dire qu\u2019au moment ou je pose le pinceau sur la toile je ne sais pas quelle forme va arriver. C\u2019est par ce que j\u2019appelle le poids, la densit\u00e9, la l\u00e9g\u00e8ret\u00e9 de la couleur que le dessin arrive. Le tableau est fini lorsque j\u2019ai l\u2019impression qu\u2019il a trouv\u00e9 sa \u00ab\u00a0propre histoire\u00a0\u00bb et qu\u2019il me surprend. C\u2019est \u00e0 ce moment la qu\u2019il devient autonome, qu\u2019il a ce que j\u2019appelle son existence propre.<\/p>\n<p>Daniel Mato<\/p>\n<p>[\/et_pb_text][\/et_pb_column][\/et_pb_row][\/et_pb_section]<\/p>\n","protected":false},"excerpt":{"rendered":"<p>www.danielmato.comMa pratique picturale est dict\u00e9e par les journ\u00e9es d\u2019atelier et ce qui s\u2019y passe. Il n\u2019y a pas d\u2019id\u00e9es pr\u00e9alables \u00e0 un tableau. Chaque peinture avance et s\u2019\u00e9labore par les \u00e9v\u00e9nements qui se produisent au sein de l\u2019atelier. Chaque tableau s\u2019enrichit des exp\u00e9riences pass\u00e9es. Il n\u2019y a pas pour autant de s\u00e9ries. Avec le temps, [&hellip;]<\/p>\n","protected":false},"author":1,"featured_media":0,"parent":0,"menu_order":0,"comment_status":"closed","ping_status":"closed","template":"","meta":{"_et_pb_use_builder":"on","_et_pb_old_content":"","_et_gb_content_width":"","footnotes":""},"class_list":["post-217","page","type-page","status-publish","hentry"],"_links":{"self":[{"href":"https:\/\/subitoradio.com\/index.php\/wp-json\/wp\/v2\/pages\/217","targetHints":{"allow":["GET"]}}],"collection":[{"href":"https:\/\/subitoradio.com\/index.php\/wp-json\/wp\/v2\/pages"}],"about":[{"href":"https:\/\/subitoradio.com\/index.php\/wp-json\/wp\/v2\/types\/page"}],"author":[{"embeddable":true,"href":"https:\/\/subitoradio.com\/index.php\/wp-json\/wp\/v2\/users\/1"}],"replies":[{"embeddable":true,"href":"https:\/\/subitoradio.com\/index.php\/wp-json\/wp\/v2\/comments?post=217"}],"version-history":[{"count":9,"href":"https:\/\/subitoradio.com\/index.php\/wp-json\/wp\/v2\/pages\/217\/revisions"}],"predecessor-version":[{"id":339,"href":"https:\/\/subitoradio.com\/index.php\/wp-json\/wp\/v2\/pages\/217\/revisions\/339"}],"wp:attachment":[{"href":"https:\/\/subitoradio.com\/index.php\/wp-json\/wp\/v2\/media?parent=217"}],"curies":[{"name":"wp","href":"https:\/\/api.w.org\/{rel}","templated":true}]}}