{"id":254,"date":"2019-06-23T17:33:54","date_gmt":"2019-06-23T15:33:54","guid":{"rendered":"http:\/\/subitoradio.com\/?page_id=254"},"modified":"2019-10-16T19:37:40","modified_gmt":"2019-10-16T17:37:40","slug":"254-2","status":"publish","type":"page","link":"https:\/\/subitoradio.com\/index.php\/254-2\/","title":{"rendered":"Armelle De Sainte Marie"},"content":{"rendered":"<p>[et_pb_section fb_built=\u00a0\u00bb1&Prime; _builder_version=\u00a0\u00bb3.0.95&Prime; custom_padding=\u00a0\u00bb25px|0px|25px|0px\u00a0\u00bb][et_pb_row custom_padding=\u00a0\u00bb0px|0px|0px|0px\u00a0\u00bb _builder_version=\u00a0\u00bb3.0.95&Prime;][et_pb_column type=\u00a0\u00bb4_4&Prime; _builder_version=\u00a0\u00bb3.0.47&Prime; parallax=\u00a0\u00bboff\u00a0\u00bb parallax_method=\u00a0\u00bbon\u00a0\u00bb][et_pb_image src=\u00a0\u00bbhttp:\/\/subitoradio.com\/wp-content\/uploads\/2019\/06\/fotoarmellenb.jpg\u00a0\u00bb show_bottom_space=\u00a0\u00bboff\u00a0\u00bb align=\u00a0\u00bbcenter\u00a0\u00bb _builder_version=\u00a0\u00bb3.0.95&Prime; custom_margin=\u00a0\u00bb0px|0px|0px|0px\u00a0\u00bb custom_padding=\u00a0\u00bb0px|0px|0px|0px\u00a0\u00bb][\/et_pb_image][\/et_pb_column][\/et_pb_row][\/et_pb_section][et_pb_section fb_built=\u00a0\u00bb1&Prime; _builder_version=\u00a0\u00bb3.0.95&Prime; custom_padding=\u00a0\u00bb25px|0px|25px|0px\u00a0\u00bb][et_pb_row custom_padding=\u00a0\u00bb0px|0px|0px|0px\u00a0\u00bb _builder_version=\u00a0\u00bb3.0.95&Prime;][et_pb_column type=\u00a0\u00bb1_3&Prime; _builder_version=\u00a0\u00bb3.0.47&Prime; parallax=\u00a0\u00bboff\u00a0\u00bb parallax_method=\u00a0\u00bbon\u00a0\u00bb][et_pb_team_member name=\u00a0\u00bbArmelle De Sainte Marie\u00a0\u00bb position=\u00a0\u00bbArtiste\u00a0\u00bb _builder_version=\u00a0\u00bb3.0.95&Prime;]<a href=\"http:\/\/www.armelle-desaintemarie.com\/\">www.armelle-desaintemarie.com<\/a>[\/et_pb_team_member][et_pb_audio audio=\u00a0\u00bbhttp:\/\/subitoradio.com\/wp-content\/uploads\/2019\/06\/armelle-mix4.mp3&Prime; title=\u00a0\u00bbEntretien radiophonique avec Armelle De Sainte Marie \u00a0\u00bb artist_name=\u00a0\u00bb  Fr\u00e9d\u00e9ric Arcos et Matthieu Montchamp \u00a0\u00bb album_name=\u00a0\u00bbin situ\u00a0\u00bb _builder_version=\u00a0\u00bb3.0.95&Prime; background_color=\u00a0\u00bb#f19095&Prime;][\/et_pb_audio][\/et_pb_column][et_pb_column type=\u00a0\u00bb2_3&Prime; _builder_version=\u00a0\u00bb3.0.47&Prime; parallax=\u00a0\u00bboff\u00a0\u00bb parallax_method=\u00a0\u00bbon\u00a0\u00bb][et_pb_text _builder_version=\u00a0\u00bb3.0.95&Prime;]<\/p>\n<p>Odyss\u00e9e\u00a0: n. f. 1\/R\u00e9cit d\u2019un voyage rempli d\u2019aventures<\/p>\n<p>\u00a0\u00a0\u00a0\u00a0\u00a0\u00a0\u00a0\u00a0\u00a0\u00a0\u00a0\u00a0\u00a0\u00a0\u00a0\u00a0\u00a0\u00a0\u00a0\u00a0\u00a0\u00a0\u00a0\u00a0 2\/ Voyage particuli\u00e8rement mouvement\u00e9<\/p>\n<p>\u00a0<\/p>\n<p>\u00a0Aller \u00e0 l\u2019atelier c\u2019est toujours une aventure. Plus ou moins excitante selon les jours. Mais venir dans cet endroit particulier, intime, c\u2019est toujours convoquer quelque chose d\u2019inconnu et venir fouiller des \u00e9nigmes. Venir jouer. Et \u00e7a c\u2019est un tr\u00e9sor.<\/p>\n<p>On acc\u00e8de \u00e0 l\u2019atelier par une petite impasse priv\u00e9e, ferm\u00e9e (pas toujours) par une grille. Il y a des carreaux de verre \u00e9pais, on ne voit pas \u00e0 travers, mais \u00e0 l\u2019int\u00e9rieur cela diffuse une belle lumi\u00e8re. Deux autres entr\u00e9es de lumi\u00e8re\u00a0: d\u2019un c\u00f4t\u00e9 une fente opalescente au plafond qui donne une lumi\u00e8re z\u00e9nithale, et qui s\u2019allonge tout du long pour venir mourir verticalement au sol, fen\u00eatre fixe sur laquelle viennent frotter les feuilles d\u2019un figuier. Une baie vitr\u00e9e de l\u2019autre c\u00f4t\u00e9 qui donne sur un mur gris de jardin toujours \u00e0 l\u2019ombre, petit coin \u00e0 moustiques, d\u2019o\u00f9 je vois aussi pointer les feuilles d\u2019un seringa et le d\u00e9but d\u2019un laurier-rose.<\/p>\n<p>Entre ces deux perc\u00e9es, un mur de 4m lin\u00e9aires environ. Un sol en b\u00e9ton. Un reliquat de l\u2019ancienne structure architecturale sous la forme d\u2019un petit chapiteau en pierre.<\/p>\n<p>Deux tables en bois, une costaude, macul\u00e9e, historique, h\u00e9ritage d\u2019un ami peintre. Une plus l\u00e9g\u00e8re, pliable et escamotable. Une petite structure de stockage. Un tabouret haut de travail avec assise en cuir, une chaise Thonet un peu branlante.<\/p>\n<p>Tout est tach\u00e9 \u00e9videmment.<\/p>\n<p>Bienvenue \u00e0 l\u2019atelier.<\/p>\n<p>\u00a0<\/p>\n<p>AdSM juin 2019<\/p>\n<p>[\/et_pb_text][\/et_pb_column][\/et_pb_row][\/et_pb_section]<\/p>\n","protected":false},"excerpt":{"rendered":"<p>www.armelle-desaintemarie.comOdyss\u00e9e\u00a0: n. f. 1\/R\u00e9cit d\u2019un voyage rempli d\u2019aventures \u00a0\u00a0\u00a0\u00a0\u00a0\u00a0\u00a0\u00a0\u00a0\u00a0\u00a0\u00a0\u00a0\u00a0\u00a0\u00a0\u00a0\u00a0\u00a0\u00a0\u00a0\u00a0\u00a0\u00a0 2\/ Voyage particuli\u00e8rement mouvement\u00e9 \u00a0 \u00a0Aller \u00e0 l\u2019atelier c\u2019est toujours une aventure. Plus ou moins excitante selon les jours. Mais venir dans cet endroit particulier, intime, c\u2019est toujours convoquer quelque chose d\u2019inconnu et venir fouiller des \u00e9nigmes. Venir jouer. Et \u00e7a c\u2019est un tr\u00e9sor. On acc\u00e8de [&hellip;]<\/p>\n","protected":false},"author":1,"featured_media":0,"parent":0,"menu_order":0,"comment_status":"closed","ping_status":"closed","template":"","meta":{"_et_pb_use_builder":"on","_et_pb_old_content":"","_et_gb_content_width":"","footnotes":""},"class_list":["post-254","page","type-page","status-publish","hentry"],"_links":{"self":[{"href":"https:\/\/subitoradio.com\/index.php\/wp-json\/wp\/v2\/pages\/254","targetHints":{"allow":["GET"]}}],"collection":[{"href":"https:\/\/subitoradio.com\/index.php\/wp-json\/wp\/v2\/pages"}],"about":[{"href":"https:\/\/subitoradio.com\/index.php\/wp-json\/wp\/v2\/types\/page"}],"author":[{"embeddable":true,"href":"https:\/\/subitoradio.com\/index.php\/wp-json\/wp\/v2\/users\/1"}],"replies":[{"embeddable":true,"href":"https:\/\/subitoradio.com\/index.php\/wp-json\/wp\/v2\/comments?post=254"}],"version-history":[{"count":8,"href":"https:\/\/subitoradio.com\/index.php\/wp-json\/wp\/v2\/pages\/254\/revisions"}],"predecessor-version":[{"id":324,"href":"https:\/\/subitoradio.com\/index.php\/wp-json\/wp\/v2\/pages\/254\/revisions\/324"}],"wp:attachment":[{"href":"https:\/\/subitoradio.com\/index.php\/wp-json\/wp\/v2\/media?parent=254"}],"curies":[{"name":"wp","href":"https:\/\/api.w.org\/{rel}","templated":true}]}}