{"id":277,"date":"2019-06-25T19:13:08","date_gmt":"2019-06-25T17:13:08","guid":{"rendered":"http:\/\/subitoradio.com\/?page_id=277"},"modified":"2019-10-16T19:36:44","modified_gmt":"2019-10-16T17:36:44","slug":"jerome-boutterin","status":"publish","type":"page","link":"https:\/\/subitoradio.com\/index.php\/jerome-boutterin\/","title":{"rendered":"J\u00e9r\u00f4me Boutterin"},"content":{"rendered":"<p>[et_pb_section fb_built=\u00a0\u00bb1&Prime; _builder_version=\u00a0\u00bb3.0.95&Prime; custom_padding=\u00a0\u00bb25px|0px|25px|0px\u00a0\u00bb][et_pb_row custom_padding=\u00a0\u00bb0px|0px|0px|0px\u00a0\u00bb _builder_version=\u00a0\u00bb3.0.95&Prime;][et_pb_column type=\u00a0\u00bb4_4&Prime; _builder_version=\u00a0\u00bb3.0.47&Prime; parallax=\u00a0\u00bboff\u00a0\u00bb parallax_method=\u00a0\u00bbon\u00a0\u00bb][et_pb_image src=\u00a0\u00bbhttp:\/\/subitoradio.com\/wp-content\/uploads\/2019\/06\/jerome-NB.jpg\u00a0\u00bb show_bottom_space=\u00a0\u00bboff\u00a0\u00bb align=\u00a0\u00bbcenter\u00a0\u00bb _builder_version=\u00a0\u00bb3.0.95&Prime; custom_margin=\u00a0\u00bb0px|0px|0px|0px\u00a0\u00bb custom_padding=\u00a0\u00bb0px|0px|0px|0px\u00a0\u00bb][\/et_pb_image][\/et_pb_column][\/et_pb_row][\/et_pb_section][et_pb_section fb_built=\u00a0\u00bb1&Prime; _builder_version=\u00a0\u00bb3.0.95&Prime; custom_padding=\u00a0\u00bb25px|0px|25px|0px\u00a0\u00bb][et_pb_row custom_padding=\u00a0\u00bb0px|0px|0px|0px\u00a0\u00bb _builder_version=\u00a0\u00bb3.0.95&Prime;][et_pb_column type=\u00a0\u00bb1_3&Prime; _builder_version=\u00a0\u00bb3.0.47&Prime; parallax=\u00a0\u00bboff\u00a0\u00bb parallax_method=\u00a0\u00bbon\u00a0\u00bb][et_pb_team_member name=\u00a0\u00bbJ\u00e9r\u00f4me Boutterin\u00a0\u00bb position=\u00a0\u00bbArtiste\u00a0\u00bb _builder_version=\u00a0\u00bb3.0.95&Prime;]<\/p>\n<p><a href=\"https:\/\/jeromeboutterin.com\/\">https:\/\/jeromeboutterin.com\/<\/a><\/p>\n<p>[\/et_pb_team_member][et_pb_audio audio=\u00a0\u00bbhttp:\/\/subitoradio.com\/wp-content\/uploads\/2019\/06\/jerome-boutterin-mix2.mp3&Prime; title=\u00a0\u00bbEntretien radiophonique avec J\u00e9r\u00f4me Boutterin\u00a0\u00bb artist_name=\u00a0\u00bbClaire Colin Collin et Sylvain Roche\u00a0\u00bb album_name=\u00a0\u00bbin situ\u00a0\u00bb _builder_version=\u00a0\u00bb3.0.95&Prime; background_color=\u00a0\u00bb#f19095&Prime;][\/et_pb_audio][\/et_pb_column][et_pb_column type=\u00a0\u00bb2_3&Prime; _builder_version=\u00a0\u00bb3.0.47&Prime; parallax=\u00a0\u00bboff\u00a0\u00bb parallax_method=\u00a0\u00bbon\u00a0\u00bb][et_pb_text _builder_version=\u00a0\u00bb3.0.95&Prime;]<\/p>\n<p>L\u2019atelier<\/p>\n<p>\u00a0<\/p>\n<p>\u00a0<\/p>\n<p>J\u2019ai atterri ici apr\u00e8s un moment bien chahut\u00e9. On traverse une barre par des \u00e9troits petits couloirs et juste apr\u00e8s on se trouve projet\u00e9 en surplomb au dessus des arbres.<br \/>Elle est lourde la bo\u00eete, voiles de b\u00e9ton, poutres en b\u00e9ton, dalles en b\u00e9ton. Comme ce qui se passe dedans est parfois fragile je trouve bien que cette cette fragilit\u00e9 soit entour\u00e9e d\u2019une densit\u00e9.<br \/>Je voudrais des rideaux, seulement des rideaux dans cette enceinte. Je vais le faire.<\/p>\n<p>J\u2019aime cet endroit parce qu\u2019il est au bord de la ville, et parfois je me dis que j\u2019ai mis tr\u00e8s longtemps a le trouver alors qu\u2019il correspond \u00e0 ce que je voulais depuis justement tr\u00e8s longtemps. \u00catre au bord de la ville quand celle ci commence a se disloquer, avoir beaucoup de ciel et \u00eatre dans une architecture sans nom comme un indice d\u2019une modernit\u00e9 oubli\u00e9e .<br \/>Pour l\u2019instant je ne l\u2019am\u00e9nage pas, je peins et je campe. J\u2019ai l\u2019impression d\u2019\u00eatre en r\u00e9sidence chez moi et je voudrais garder \u00e7a le plus longtemps possible.<\/p>\n<p>Je pense avoir pass\u00e9 autant de temps \u00e0 chercher, trouver, prot\u00e9ger ces endroits qui s\u2019appellent ateliers qu\u2019\u00e0 peindre. L\u2019atelier c\u2019est la chambre \u00e0 soi.<br \/>Il est cet espace de la production mais aussi et c\u2019est peut \u00eatre le plus important celui de la d\u00e9prise sur justement la production, je veux dire un lieu qui permet de pouvoir se d\u00e9prendre de certaines injonctions puisque justement on y est seul.<br \/>Il est l\u2019endroit o\u00f9 on peut attendre et m\u00eame guetter\u2026<\/p>\n<p>Alors accueillir Claire et Sylvain ici, avec leur beau projet de parler dans le lieu o\u00f9 les tableaux se font et se voient, sans rien voir justement mais seulement en s\u2019\u00e9coutant, c\u2019est l\u2019exigence de parler au plus pr\u00e8s de l\u2019endroit qui produit.<\/p>\n<p>La parole peut cesser d\u2019\u00eatre ce simple commentaire donn\u00e9 par d\u2019autres depuis ailleurs, qui nous engloutit souvent. Elle a des chances de devenir une mati\u00e8re qui cherche et c\u2019est bien. <br \/> C\u2019est un acte politique dont on a besoin maintenant.<\/p>\n<p>J\u00e9r\u00f4me Boutterin, paris , juin 2019.<\/p>\n<p>[\/et_pb_text][\/et_pb_column][\/et_pb_row][\/et_pb_section]<\/p>\n","protected":false},"excerpt":{"rendered":"<p>https:\/\/jeromeboutterin.com\/L\u2019atelier \u00a0 \u00a0 J\u2019ai atterri ici apr\u00e8s un moment bien chahut\u00e9. On traverse une barre par des \u00e9troits petits couloirs et juste apr\u00e8s on se trouve projet\u00e9 en surplomb au dessus des arbres.Elle est lourde la bo\u00eete, voiles de b\u00e9ton, poutres en b\u00e9ton, dalles en b\u00e9ton. Comme ce qui se passe dedans est parfois fragile [&hellip;]<\/p>\n","protected":false},"author":1,"featured_media":0,"parent":0,"menu_order":0,"comment_status":"closed","ping_status":"closed","template":"","meta":{"_et_pb_use_builder":"on","_et_pb_old_content":"","_et_gb_content_width":"","footnotes":""},"class_list":["post-277","page","type-page","status-publish","hentry"],"_links":{"self":[{"href":"https:\/\/subitoradio.com\/index.php\/wp-json\/wp\/v2\/pages\/277","targetHints":{"allow":["GET"]}}],"collection":[{"href":"https:\/\/subitoradio.com\/index.php\/wp-json\/wp\/v2\/pages"}],"about":[{"href":"https:\/\/subitoradio.com\/index.php\/wp-json\/wp\/v2\/types\/page"}],"author":[{"embeddable":true,"href":"https:\/\/subitoradio.com\/index.php\/wp-json\/wp\/v2\/users\/1"}],"replies":[{"embeddable":true,"href":"https:\/\/subitoradio.com\/index.php\/wp-json\/wp\/v2\/comments?post=277"}],"version-history":[{"count":5,"href":"https:\/\/subitoradio.com\/index.php\/wp-json\/wp\/v2\/pages\/277\/revisions"}],"predecessor-version":[{"id":333,"href":"https:\/\/subitoradio.com\/index.php\/wp-json\/wp\/v2\/pages\/277\/revisions\/333"}],"wp:attachment":[{"href":"https:\/\/subitoradio.com\/index.php\/wp-json\/wp\/v2\/media?parent=277"}],"curies":[{"name":"wp","href":"https:\/\/api.w.org\/{rel}","templated":true}]}}