{"id":397,"date":"2020-03-20T17:15:21","date_gmt":"2020-03-20T16:15:21","guid":{"rendered":"http:\/\/subitoradio.com\/?page_id=397"},"modified":"2020-03-21T10:58:53","modified_gmt":"2020-03-21T09:58:53","slug":"jean-louis-gerbaud","status":"publish","type":"page","link":"https:\/\/subitoradio.com\/index.php\/jean-louis-gerbaud\/","title":{"rendered":"Jean Louis Gerbaud"},"content":{"rendered":"<p>[et_pb_section fb_built=\u00a0\u00bb1&Prime; _builder_version=\u00a0\u00bb3.0.95&Prime; custom_padding=\u00a0\u00bb25px|0px|25px|0px\u00a0\u00bb][et_pb_row custom_padding=\u00a0\u00bb0px|0px|0px|0px\u00a0\u00bb _builder_version=\u00a0\u00bb3.0.95&Prime;][et_pb_column type=\u00a0\u00bb4_4&Prime; _builder_version=\u00a0\u00bb3.0.47&Prime; parallax=\u00a0\u00bboff\u00a0\u00bb parallax_method=\u00a0\u00bbon\u00a0\u00bb][et_pb_image src=\u00a0\u00bbhttp:\/\/subitoradio.com\/wp-content\/uploads\/2020\/03\/tofJLgerbaud.jpg\u00a0\u00bb show_bottom_space=\u00a0\u00bboff\u00a0\u00bb align=\u00a0\u00bbcenter\u00a0\u00bb _builder_version=\u00a0\u00bb3.0.95&Prime; custom_margin=\u00a0\u00bb0px|0px|0px|0px\u00a0\u00bb custom_padding=\u00a0\u00bb0px|0px|0px|0px\u00a0\u00bb][\/et_pb_image][\/et_pb_column][\/et_pb_row][\/et_pb_section][et_pb_section fb_built=\u00a0\u00bb1&Prime; _builder_version=\u00a0\u00bb3.0.95&Prime; custom_padding=\u00a0\u00bb25px|0px|25px|0px\u00a0\u00bb][et_pb_row custom_padding=\u00a0\u00bb0px|0px|0px|0px\u00a0\u00bb _builder_version=\u00a0\u00bb3.0.95&Prime;][et_pb_column type=\u00a0\u00bb1_3&Prime; _builder_version=\u00a0\u00bb3.0.47&Prime; parallax=\u00a0\u00bboff\u00a0\u00bb parallax_method=\u00a0\u00bbon\u00a0\u00bb][et_pb_team_member name=\u00a0\u00bbJean-Louis Gerbaud\u00a0\u00bb position=\u00a0\u00bbArtiste\u00a0\u00bb _builder_version=\u00a0\u00bb3.0.95&Prime;]<a href=\"http:\/\/www.jeanlouisgerbaud.com\/\">http:\/\/www.jeanlouisgerbaud.com\/<\/a>[\/et_pb_team_member][et_pb_audio audio=\u00a0\u00bbhttp:\/\/subitoradio.com\/wp-content\/uploads\/2020\/03\/jean-louis-gerbaud-mix1.mp3&Prime; title=\u00a0\u00bbEntretien radiophonique avec Jean-Louis Gerbaud\u00a0\u00bb artist_name=\u00a0\u00bbFlavie Cournil et Nicolas Chatelain\u00a0\u00bb album_name=\u00a0\u00bbin situ\u00a0\u00bb _builder_version=\u00a0\u00bb3.0.95&Prime; background_color=\u00a0\u00bb#f19095&Prime;][\/et_pb_audio][\/et_pb_column][et_pb_column type=\u00a0\u00bb2_3&Prime; _builder_version=\u00a0\u00bb3.0.47&Prime; parallax=\u00a0\u00bboff\u00a0\u00bb parallax_method=\u00a0\u00bbon\u00a0\u00bb][et_pb_text _builder_version=\u00a0\u00bb3.0.95&Prime;]25 ao\u00fbt. \u2014 Dans la promenade de ce matin, \u00e9tudi\u00e9 longuement la mer. Le soleil \u00e9tait derri\u00e8re moi, la face des vagues qui se dressait devant moi \u00e9tait jaune, et celle qui regardait le fond r\u00e9fl\u00e9chissait le ciel. Des ombres de nuages ont couru sur tout cela et ont produit des effets charmants : dans le fond, \u00e0 l\u2019endroit o\u00f9 la mer \u00e9tait bleue et verte, les ombres paraissaient comme violettes ; un ton violet et dor\u00e9 s\u2019\u00e9tendait aussi sur les parties plus rapproch\u00e9es quand l\u2019ombre les couvrait. Les vagues \u00e9taient comme d\u2019agate. Dans ces parties ombr\u00e9es, on retrouvait le m\u00eame rapport de vagues jaunes, regardant le c\u00f4t\u00e9 du soleil, et de parties bleues et m\u00e9talliques r\u00e9fl\u00e9chissant le ciel.<\/p>\n<p>Extrait du Journal d\u2019Eug\u00e8ne Delacroix, Dieppe, 25 ao\u00fbt 1854.[\/et_pb_text][\/et_pb_column][\/et_pb_row][\/et_pb_section]<\/p>\n","protected":false},"excerpt":{"rendered":"<p>http:\/\/www.jeanlouisgerbaud.com\/25 ao\u00fbt. \u2014 Dans la promenade de ce matin, \u00e9tudi\u00e9 longuement la mer. Le soleil \u00e9tait derri\u00e8re moi, la face des vagues qui se dressait devant moi \u00e9tait jaune, et celle qui regardait le fond r\u00e9fl\u00e9chissait le ciel. Des ombres de nuages ont couru sur tout cela et ont produit des effets charmants : dans [&hellip;]<\/p>\n","protected":false},"author":1,"featured_media":0,"parent":0,"menu_order":0,"comment_status":"closed","ping_status":"closed","template":"","meta":{"_et_pb_use_builder":"on","_et_pb_old_content":"","_et_gb_content_width":"","footnotes":""},"class_list":["post-397","page","type-page","status-publish","hentry"],"_links":{"self":[{"href":"https:\/\/subitoradio.com\/index.php\/wp-json\/wp\/v2\/pages\/397","targetHints":{"allow":["GET"]}}],"collection":[{"href":"https:\/\/subitoradio.com\/index.php\/wp-json\/wp\/v2\/pages"}],"about":[{"href":"https:\/\/subitoradio.com\/index.php\/wp-json\/wp\/v2\/types\/page"}],"author":[{"embeddable":true,"href":"https:\/\/subitoradio.com\/index.php\/wp-json\/wp\/v2\/users\/1"}],"replies":[{"embeddable":true,"href":"https:\/\/subitoradio.com\/index.php\/wp-json\/wp\/v2\/comments?post=397"}],"version-history":[{"count":6,"href":"https:\/\/subitoradio.com\/index.php\/wp-json\/wp\/v2\/pages\/397\/revisions"}],"predecessor-version":[{"id":431,"href":"https:\/\/subitoradio.com\/index.php\/wp-json\/wp\/v2\/pages\/397\/revisions\/431"}],"wp:attachment":[{"href":"https:\/\/subitoradio.com\/index.php\/wp-json\/wp\/v2\/media?parent=397"}],"curies":[{"name":"wp","href":"https:\/\/api.w.org\/{rel}","templated":true}]}}