{"id":414,"date":"2020-07-13T12:04:55","date_gmt":"2020-07-13T10:04:55","guid":{"rendered":"http:\/\/subitoradio.com\/?page_id=414"},"modified":"2020-07-13T12:04:55","modified_gmt":"2020-07-13T10:04:55","slug":"dominique-angel-2","status":"publish","type":"page","link":"https:\/\/subitoradio.com\/index.php\/dominique-angel-2\/","title":{"rendered":"Dominique Angel"},"content":{"rendered":"<p>[et_pb_section fb_built=\u00a0\u00bb1&Prime; _builder_version=\u00a0\u00bb3.0.95&Prime; custom_padding=\u00a0\u00bb25px|0px|25px|0px\u00a0\u00bb][et_pb_row custom_padding=\u00a0\u00bb0px|0px|0px|0px\u00a0\u00bb _builder_version=\u00a0\u00bb3.0.95&Prime;][et_pb_column type=\u00a0\u00bb4_4&Prime; _builder_version=\u00a0\u00bb3.0.47&Prime; parallax=\u00a0\u00bboff\u00a0\u00bb parallax_method=\u00a0\u00bbon\u00a0\u00bb][et_pb_image src=\u00a0\u00bbhttp:\/\/subitoradio.com\/wp-content\/uploads\/2020\/03\/tofdangelsubito-scaled.jpg\u00a0\u00bb show_bottom_space=\u00a0\u00bboff\u00a0\u00bb align=\u00a0\u00bbcenter\u00a0\u00bb _builder_version=\u00a0\u00bb3.0.95&Prime; custom_margin=\u00a0\u00bb0px|0px|0px|0px\u00a0\u00bb custom_padding=\u00a0\u00bb0px|0px|0px|0px\u00a0\u00bb][\/et_pb_image][\/et_pb_column][\/et_pb_row][\/et_pb_section][et_pb_section fb_built=\u00a0\u00bb1&Prime; _builder_version=\u00a0\u00bb3.0.95&Prime; custom_padding=\u00a0\u00bb25px|0px|25px|0px\u00a0\u00bb][et_pb_row custom_padding=\u00a0\u00bb0px|0px|0px|0px\u00a0\u00bb _builder_version=\u00a0\u00bb3.0.95&Prime;][et_pb_column type=\u00a0\u00bb1_3&Prime; _builder_version=\u00a0\u00bb3.0.47&Prime; parallax=\u00a0\u00bboff\u00a0\u00bb parallax_method=\u00a0\u00bbon\u00a0\u00bb][et_pb_team_member name=\u00a0\u00bbDominique Angel\u00a0\u00bb position=\u00a0\u00bbArtiste\u00a0\u00bb _builder_version=\u00a0\u00bb3.0.95&Prime;]<a href=\"http:\/\/www.documentsdartistes.org\/artistes\/angel\/repro.html\">http:\/\/www.documentsdartistes.org\/artistes\/angel\/repro.html<\/a>[\/et_pb_team_member][et_pb_audio audio=\u00a0\u00bbhttp:\/\/subitoradio.com\/wp-content\/uploads\/2020\/03\/dominique-angel.mp3&Prime; title=\u00a0\u00bbEntretien radiophonique avec Dominique Angel\u00a0\u00bb artist_name=\u00a0\u00bbFr\u00e9d\u00e9ric Arcos et Matthieu Montchamp\u00a0\u00bb album_name=\u00a0\u00bbin situ\u00a0\u00bb _builder_version=\u00a0\u00bb3.0.95&Prime; background_color=\u00a0\u00bb#f19095&Prime;][\/et_pb_audio][\/et_pb_column][et_pb_column type=\u00a0\u00bb2_3&Prime; _builder_version=\u00a0\u00bb3.0.47&Prime; parallax=\u00a0\u00bboff\u00a0\u00bb parallax_method=\u00a0\u00bbon\u00a0\u00bb][et_pb_text _builder_version=\u00a0\u00bb3.0.95&Prime;]<\/p>\n<p>La recherche d&rsquo;un hypoth\u00e9tique bonheur fonde la conscience artistique de nos soci\u00e9t\u00e9s. De la distraction \u00e0 l&rsquo;activit\u00e9 purement utilitaire, de la soumission au libre arbitre, du bon sauvage \u00e0 la barbarie humanitaire, de l&rsquo;art pour chacun au tout est art, de la figuration \u00e0 l&rsquo;abstraction, de Dieu pour tous \u00e0 chacun pour soi, de l&rsquo;homme \u00e0 la femme, de l\u2019individu \u00e0 la soci\u00e9t\u00e9, de la vie \u00e0 la mort, du temps pass\u00e9 au temps pr\u00e9sent, je mets dans mon oeuvre autant de grandes causes que de petits plaisirs. Ils stabilisent mon ego et font pencher en ma faveur le fl\u00e9au de la justice aveugle. Mon ambition artistique est de ne rien laisser au hasard. Mais je m&rsquo;y prends souvent comme un manche : l&rsquo;entreprise est aussi malais\u00e9e que de vouloir peindre un pet.<\/p>\n<p>[\/et_pb_text][\/et_pb_column][\/et_pb_row][\/et_pb_section]<\/p>\n","protected":false},"excerpt":{"rendered":"<p>http:\/\/www.documentsdartistes.org\/artistes\/angel\/repro.htmlLa recherche d&rsquo;un hypoth\u00e9tique bonheur fonde la conscience artistique de nos soci\u00e9t\u00e9s. De la distraction \u00e0 l&rsquo;activit\u00e9 purement utilitaire, de la soumission au libre arbitre, du bon sauvage \u00e0 la barbarie humanitaire, de l&rsquo;art pour chacun au tout est art, de la figuration \u00e0 l&rsquo;abstraction, de Dieu pour tous \u00e0 chacun pour soi, de l&rsquo;homme [&hellip;]<\/p>\n","protected":false},"author":1,"featured_media":0,"parent":0,"menu_order":0,"comment_status":"closed","ping_status":"closed","template":"","meta":{"_et_pb_use_builder":"on","_et_pb_old_content":"","_et_gb_content_width":"","footnotes":""},"class_list":["post-414","page","type-page","status-publish","hentry"],"_links":{"self":[{"href":"https:\/\/subitoradio.com\/index.php\/wp-json\/wp\/v2\/pages\/414","targetHints":{"allow":["GET"]}}],"collection":[{"href":"https:\/\/subitoradio.com\/index.php\/wp-json\/wp\/v2\/pages"}],"about":[{"href":"https:\/\/subitoradio.com\/index.php\/wp-json\/wp\/v2\/types\/page"}],"author":[{"embeddable":true,"href":"https:\/\/subitoradio.com\/index.php\/wp-json\/wp\/v2\/users\/1"}],"replies":[{"embeddable":true,"href":"https:\/\/subitoradio.com\/index.php\/wp-json\/wp\/v2\/comments?post=414"}],"version-history":[{"count":7,"href":"https:\/\/subitoradio.com\/index.php\/wp-json\/wp\/v2\/pages\/414\/revisions"}],"predecessor-version":[{"id":438,"href":"https:\/\/subitoradio.com\/index.php\/wp-json\/wp\/v2\/pages\/414\/revisions\/438"}],"wp:attachment":[{"href":"https:\/\/subitoradio.com\/index.php\/wp-json\/wp\/v2\/media?parent=414"}],"curies":[{"name":"wp","href":"https:\/\/api.w.org\/{rel}","templated":true}]}}