{"id":42,"date":"2019-01-02T14:46:37","date_gmt":"2019-01-02T13:46:37","guid":{"rendered":"http:\/\/subitoradio.com\/?page_id=42"},"modified":"2021-10-25T19:34:05","modified_gmt":"2021-10-25T17:34:05","slug":"alain-sicard","status":"publish","type":"page","link":"https:\/\/subitoradio.com\/index.php\/alain-sicard\/","title":{"rendered":"Alain Sicard"},"content":{"rendered":"<p>[et_pb_section fb_built=\u00a0\u00bb1&Prime; _builder_version=\u00a0\u00bb3.0.95&Prime; custom_padding=\u00a0\u00bb25px|0px|0px|0px\u00a0\u00bb][et_pb_row custom_padding=\u00a0\u00bb0px|0px|0px|0px\u00a0\u00bb _builder_version=\u00a0\u00bb3.0.95&Prime;][et_pb_column type=\u00a0\u00bb4_4&Prime; _builder_version=\u00a0\u00bb3.0.95&Prime; parallax=\u00a0\u00bboff\u00a0\u00bb parallax_method=\u00a0\u00bbon\u00a0\u00bb][et_pb_image src=\u00a0\u00bbhttp:\/\/subitoradio.com\/wp-content\/uploads\/2019\/01\/ALAIN_SICARD.jpg\u00a0\u00bb show_bottom_space=\u00a0\u00bboff\u00a0\u00bb align=\u00a0\u00bbcenter\u00a0\u00bb force_fullwidth=\u00a0\u00bbon\u00a0\u00bb _builder_version=\u00a0\u00bb3.0.95&Prime;][\/et_pb_image][\/et_pb_column][\/et_pb_row][\/et_pb_section][et_pb_section fb_built=\u00a0\u00bb1&Prime; _builder_version=\u00a0\u00bb3.0.95&Prime; custom_padding=\u00a0\u00bb25px|0px|0px|0px\u00a0\u00bb][et_pb_row custom_padding=\u00a0\u00bb0px|0px|27px|0px\u00a0\u00bb _builder_version=\u00a0\u00bb3.0.95&Prime;][et_pb_column type=\u00a0\u00bb1_3&Prime; _builder_version=\u00a0\u00bb3.0.95&Prime; parallax=\u00a0\u00bboff\u00a0\u00bb parallax_method=\u00a0\u00bbon\u00a0\u00bb][et_pb_team_member name=\u00a0\u00bbAlain Sicard\u00a0\u00bb position=\u00a0\u00bbArtiste\u00a0\u00bb _builder_version=\u00a0\u00bb3.0.95&Prime; header_font=\u00a0\u00bb||||||||\u00a0\u00bb body_font=\u00a0\u00bb||||||||\u00a0\u00bb custom_margin=\u00a0\u00bb|||\u00a0\u00bb custom_padding=\u00a0\u00bb|||\u00a0\u00bb]<a href=\"http:\/\/www.alainsicard.fr\/\" target=\"_blank\" rel=\"noopener noreferrer\">www.alainsicard.fr<\/a>[\/et_pb_team_member][et_pb_audio audio=\u00a0\u00bbhttp:\/\/subitoradio.com\/wp-content\/uploads\/2019\/01\/alain-sicard-mix.mp3&Prime; title=\u00a0\u00bbEntretien radiophonique avec Alain Sicard\u00a0\u00bb artist_name=\u00a0\u00bbClaire Colin-Collin et Sylvain Roche\u00a0\u00bb album_name=\u00a0\u00bbIn situ\u00a0\u00bb _builder_version=\u00a0\u00bb3.0.95&Prime; background_color=\u00a0\u00bb#f19095&Prime;][\/et_pb_audio][\/et_pb_column][et_pb_column type=\u00a0\u00bb2_3&Prime; _builder_version=\u00a0\u00bb3.0.95&Prime; parallax=\u00a0\u00bboff\u00a0\u00bb parallax_method=\u00a0\u00bbon\u00a0\u00bb][et_pb_text _builder_version=\u00a0\u00bb3.0.95&Prime;]<\/p>\n<p>Une visite \u00e0 l\u2019atelier d\u2019Alain Sicard.<\/p>\n<p>On descend au m\u00e9tro Volontaires. Une fois que le grand portail m\u00e9tallique vert a \u00e9t\u00e9<br \/> franchi, on traverse une cour, plant\u00e9e d\u2019un arbre, et on s\u2019interroge\u00a0: comment<br \/> trouver l\u2019atelier\u00a0? Rien ne donne l\u2019impression que le lieu, situ\u00e9 \u00e0 droite, au rez-de-<br \/> chauss\u00e9e, soit habit\u00e9, occup\u00e9. On se sent d\u00e9j\u00e0 loin de l\u2019agitation de la rue.<br \/> On frappe, Alain vient ouvrir, invite \u00e0 entrer.<br \/> Une \u00e9coute musicale est en cours. On soup\u00e7onne, sans que rien n\u2019en soit d\u00e9voil\u00e9,<br \/> l\u2019intrication \u00e9troite qui lie les pr\u00e9paratifs de peinture, le geste pictural, \u00e0 l\u2019univers des<br \/> sons. Grande platine vinyl, disques l\u00e9gu\u00e9s par le p\u00e8re. Un h\u00e9ritage manifestement<br \/> vivant.<br \/> Difficile de dire ce qui happe le regard en premier, tant les sollicitations sont<br \/> nombreuses. Un raffinement dans le choix du mobilier, des objets, d\u2019inspiration<br \/> scandinave ou japonaise. Au sol, un grand tapis dans des tons rouges. Devant le<br \/> canap\u00e9, une petite table, sur laquelle reposent quelques bols \u00e0 th\u00e9, une th\u00e9i\u00e8re. Les<br \/> rites semblent bien ancr\u00e9s. Des choses fragiles, qu\u2019il ne faut pas heurter \u2026 On se<br \/> demande comment circule l\u2019artiste dans cet espace, parfaitement incorpor\u00e9.<br \/> Un mur de cartes postales, dont la rotation est r\u00e9guli\u00e8rement renouvel\u00e9e, au fil des<br \/> visites successives d\u2019expositions et de mus\u00e9es. On pressent qu\u2019un souffle charg\u00e9 de<br \/> si\u00e8cles de peinture s\u2019exhale l\u00e0. On a envie de retourner toutes les cartes, pour<br \/> v\u00e9rifier, s\u2019instruire, se persuader qu\u2019on a acquis un peu de culture. Certains visiteurs,<br \/> les plus avis\u00e9s, s\u2019en tiennent au regard. A gauche de l\u2019entr\u00e9e, un \u00e9cran fait d\u00e9filer<br \/> des d\u00e9tails, des fragments de peintures, pris en photo, depuis des ann\u00e9es, avec une<br \/> d\u00e9termination infaillible. C\u2019est la collection intime de l\u2019artiste.<br \/> Une \u00e9tag\u00e8re de livres vient compl\u00e9ter \u00ab\u00a0le tableau\u00a0\u00bb\u00a0: des livres d\u2019images avant tout,<br \/> des pages hant\u00e9es par la reproduction, en couleur, en noir et blanc. Il y a \u00ab\u00a0livres\u00a0\u00bb<br \/> et \u00ab\u00a0livres\u00a0\u00bb. Ceux que j\u2019acquiers aux Puces, et ceux que choisit Alain. Dans<br \/> n\u2019importe quelle langue, en japonais parfois, parce que la mise en page lui a plu, et<br \/> que le texte, il n\u2019en a pas grand-chose \u00e0 faire. Il y a aussi les grands cartons &#8211;<br \/> fabrication maison- qui servent \u00e0 stocker les peintures, class\u00e9es par formats, par<br \/> ann\u00e9es, aux titres secs.<br \/> Discr\u00e8te, une desserte haute, mont\u00e9e sur roulettes, sert \u00e0 ranger le mat\u00e9riel,<br \/> toujours en ordre. Fonctionnement immuable. Une grande table au centre de la<br \/> pi\u00e8ce laisse supposer qu\u2019Alain peint \u00e0 plat.<br \/> On en oublierait presque la pr\u00e9sence des \u0153uvres fix\u00e9es au moyen d\u2019aimants sur les<br \/> murs blancs. De grandes feuilles parfaitement lisses, souvent vernies\u00a0; un<br \/> accrochage concert\u00e9, confort\u00e9 par l\u2019indispensable niveau \u00e0 bulles.<br \/> On songe \u00e0 un d\u00e9cor pens\u00e9 pour un cabinet d\u2019esth\u00e8te, un amateur d\u2019art.<br \/> Jouir de la peinture plut\u00f4t que la faire.<br \/> Pas de traces, aucune coul\u00e9e, aucune giclure, pas de b\u00e2che. On ne comprend pas<br \/> bien. Une apparence l\u00e9ch\u00e9e, comme s\u2019il fallait faire l\u2019\u00e9conomie du travail, des<br \/> \u00e9bauches maintes fois reprises, de l\u2019engagement du corps. Une \u0153uvre qui se fond<br \/> dans le lieu, participe de la m\u00eame qu\u00eate d\u2019un id\u00e9al, d\u2019une harmonie, d\u2019une<br \/> perfection peut-\u00eatre.<\/p>\n<p>Claire Dumay<br \/> Janvier 2019<\/p>\n<p>[\/et_pb_text][\/et_pb_column][\/et_pb_row][\/et_pb_section]<\/p>\n","protected":false},"excerpt":{"rendered":"<p>www.alainsicard.frUne visite \u00e0 l\u2019atelier d\u2019Alain Sicard. On descend au m\u00e9tro Volontaires. Une fois que le grand portail m\u00e9tallique vert a \u00e9t\u00e9 franchi, on traverse une cour, plant\u00e9e d\u2019un arbre, et on s\u2019interroge\u00a0: comment trouver l\u2019atelier\u00a0? Rien ne donne l\u2019impression que le lieu, situ\u00e9 \u00e0 droite, au rez-de- chauss\u00e9e, soit habit\u00e9, occup\u00e9. On se sent d\u00e9j\u00e0 [&hellip;]<\/p>\n","protected":false},"author":1,"featured_media":0,"parent":0,"menu_order":0,"comment_status":"closed","ping_status":"closed","template":"","meta":{"_et_pb_use_builder":"on","_et_pb_old_content":"","_et_gb_content_width":"","footnotes":""},"class_list":["post-42","page","type-page","status-publish","hentry"],"_links":{"self":[{"href":"https:\/\/subitoradio.com\/index.php\/wp-json\/wp\/v2\/pages\/42","targetHints":{"allow":["GET"]}}],"collection":[{"href":"https:\/\/subitoradio.com\/index.php\/wp-json\/wp\/v2\/pages"}],"about":[{"href":"https:\/\/subitoradio.com\/index.php\/wp-json\/wp\/v2\/types\/page"}],"author":[{"embeddable":true,"href":"https:\/\/subitoradio.com\/index.php\/wp-json\/wp\/v2\/users\/1"}],"replies":[{"embeddable":true,"href":"https:\/\/subitoradio.com\/index.php\/wp-json\/wp\/v2\/comments?post=42"}],"version-history":[{"count":23,"href":"https:\/\/subitoradio.com\/index.php\/wp-json\/wp\/v2\/pages\/42\/revisions"}],"predecessor-version":[{"id":269,"href":"https:\/\/subitoradio.com\/index.php\/wp-json\/wp\/v2\/pages\/42\/revisions\/269"}],"wp:attachment":[{"href":"https:\/\/subitoradio.com\/index.php\/wp-json\/wp\/v2\/media?parent=42"}],"curies":[{"name":"wp","href":"https:\/\/api.w.org\/{rel}","templated":true}]}}