{"id":524,"date":"2021-08-10T11:14:25","date_gmt":"2021-08-10T09:14:25","guid":{"rendered":"https:\/\/subitoradio.com\/?page_id=524"},"modified":"2021-08-11T10:28:48","modified_gmt":"2021-08-11T08:28:48","slug":"alain-sicard-6","status":"publish","type":"page","link":"https:\/\/subitoradio.com\/index.php\/alain-sicard-6\/","title":{"rendered":"Alain Sicard"},"content":{"rendered":"\n<figure class=\"wp-block-audio\"><audio controls src=\"http:\/\/subitoradio.com\/wp-content\/uploads\/2021\/08\/alain-sicard-1.mp3\"><\/audio><figcaption> A l&rsquo;occasion de l&rsquo;exposition Subito Presto #3 nous avons demand\u00e9 aux artistes de nous d\u00e9crire leur derni\u00e8re peinture. <\/figcaption><\/figure>\n\n\n\n<figure class=\"wp-block-image size-large\"><img loading=\"lazy\" decoding=\"async\" width=\"726\" height=\"1024\" src=\"https:\/\/subitoradio.com\/wp-content\/uploads\/2021\/08\/SubitoPresto3_105x148_RVB-1-726x1024.jpg\" alt=\"\" class=\"wp-image-582\" srcset=\"https:\/\/subitoradio.com\/wp-content\/uploads\/2021\/08\/SubitoPresto3_105x148_RVB-1-726x1024.jpg 726w, https:\/\/subitoradio.com\/wp-content\/uploads\/2021\/08\/SubitoPresto3_105x148_RVB-1-213x300.jpg 213w, https:\/\/subitoradio.com\/wp-content\/uploads\/2021\/08\/SubitoPresto3_105x148_RVB-1-768x1083.jpg 768w, https:\/\/subitoradio.com\/wp-content\/uploads\/2021\/08\/SubitoPresto3_105x148_RVB-1-1090x1536.jpg 1090w, https:\/\/subitoradio.com\/wp-content\/uploads\/2021\/08\/SubitoPresto3_105x148_RVB-1-1080x1522.jpg 1080w, https:\/\/subitoradio.com\/wp-content\/uploads\/2021\/08\/SubitoPresto3_105x148_RVB-1.jpg 1240w\" sizes=\"auto, (max-width: 726px) 100vw, 726px\" \/><\/figure>\n","protected":false},"excerpt":{"rendered":"","protected":false},"author":1,"featured_media":0,"parent":0,"menu_order":0,"comment_status":"closed","ping_status":"closed","template":"","meta":{"_et_pb_use_builder":"","_et_pb_old_content":"","_et_gb_content_width":"","footnotes":""},"class_list":["post-524","page","type-page","status-publish","hentry"],"_links":{"self":[{"href":"https:\/\/subitoradio.com\/index.php\/wp-json\/wp\/v2\/pages\/524","targetHints":{"allow":["GET"]}}],"collection":[{"href":"https:\/\/subitoradio.com\/index.php\/wp-json\/wp\/v2\/pages"}],"about":[{"href":"https:\/\/subitoradio.com\/index.php\/wp-json\/wp\/v2\/types\/page"}],"author":[{"embeddable":true,"href":"https:\/\/subitoradio.com\/index.php\/wp-json\/wp\/v2\/users\/1"}],"replies":[{"embeddable":true,"href":"https:\/\/subitoradio.com\/index.php\/wp-json\/wp\/v2\/comments?post=524"}],"version-history":[{"count":5,"href":"https:\/\/subitoradio.com\/index.php\/wp-json\/wp\/v2\/pages\/524\/revisions"}],"predecessor-version":[{"id":607,"href":"https:\/\/subitoradio.com\/index.php\/wp-json\/wp\/v2\/pages\/524\/revisions\/607"}],"wp:attachment":[{"href":"https:\/\/subitoradio.com\/index.php\/wp-json\/wp\/v2\/media?parent=524"}],"curies":[{"name":"wp","href":"https:\/\/api.w.org\/{rel}","templated":true}]}}