{"id":527,"date":"2021-08-10T11:15:43","date_gmt":"2021-08-10T09:15:43","guid":{"rendered":"https:\/\/subitoradio.com\/?page_id=527"},"modified":"2021-08-24T20:53:03","modified_gmt":"2021-08-24T18:53:03","slug":"annie-paule-thorel-2","status":"publish","type":"page","link":"https:\/\/subitoradio.com\/index.php\/annie-paule-thorel-2\/","title":{"rendered":"Annie Paule Thorel"},"content":{"rendered":"\n<figure class=\"wp-block-audio\"><audio controls src=\"https:\/\/subitoradio.com\/wp-content\/uploads\/2021\/08\/annie-paul.mp3\"><\/audio><figcaption>  A l&rsquo;occasion de l&rsquo;exposition Subito Presto #3 nous avons demand\u00e9 aux artistes de nous d\u00e9crire leur derni\u00e8re peinture.  <\/figcaption><\/figure>\n\n\n\n<figure class=\"wp-block-image size-large\"><img loading=\"lazy\" decoding=\"async\" width=\"726\" height=\"1024\" src=\"https:\/\/subitoradio.com\/wp-content\/uploads\/2021\/08\/SubitoPresto3_105x148_RVB-2-726x1024.jpg\" alt=\"\" class=\"wp-image-584\" srcset=\"https:\/\/subitoradio.com\/wp-content\/uploads\/2021\/08\/SubitoPresto3_105x148_RVB-2-726x1024.jpg 726w, https:\/\/subitoradio.com\/wp-content\/uploads\/2021\/08\/SubitoPresto3_105x148_RVB-2-213x300.jpg 213w, https:\/\/subitoradio.com\/wp-content\/uploads\/2021\/08\/SubitoPresto3_105x148_RVB-2-768x1083.jpg 768w, https:\/\/subitoradio.com\/wp-content\/uploads\/2021\/08\/SubitoPresto3_105x148_RVB-2-1090x1536.jpg 1090w, https:\/\/subitoradio.com\/wp-content\/uploads\/2021\/08\/SubitoPresto3_105x148_RVB-2-1080x1522.jpg 1080w, https:\/\/subitoradio.com\/wp-content\/uploads\/2021\/08\/SubitoPresto3_105x148_RVB-2.jpg 1240w\" sizes=\"auto, (max-width: 726px) 100vw, 726px\" \/><\/figure>\n","protected":false},"excerpt":{"rendered":"","protected":false},"author":1,"featured_media":0,"parent":0,"menu_order":0,"comment_status":"closed","ping_status":"closed","template":"","meta":{"_et_pb_use_builder":"","_et_pb_old_content":"","_et_gb_content_width":"","footnotes":""},"class_list":["post-527","page","type-page","status-publish","hentry"],"_links":{"self":[{"href":"https:\/\/subitoradio.com\/index.php\/wp-json\/wp\/v2\/pages\/527","targetHints":{"allow":["GET"]}}],"collection":[{"href":"https:\/\/subitoradio.com\/index.php\/wp-json\/wp\/v2\/pages"}],"about":[{"href":"https:\/\/subitoradio.com\/index.php\/wp-json\/wp\/v2\/types\/page"}],"author":[{"embeddable":true,"href":"https:\/\/subitoradio.com\/index.php\/wp-json\/wp\/v2\/users\/1"}],"replies":[{"embeddable":true,"href":"https:\/\/subitoradio.com\/index.php\/wp-json\/wp\/v2\/comments?post=527"}],"version-history":[{"count":4,"href":"https:\/\/subitoradio.com\/index.php\/wp-json\/wp\/v2\/pages\/527\/revisions"}],"predecessor-version":[{"id":624,"href":"https:\/\/subitoradio.com\/index.php\/wp-json\/wp\/v2\/pages\/527\/revisions\/624"}],"wp:attachment":[{"href":"https:\/\/subitoradio.com\/index.php\/wp-json\/wp\/v2\/media?parent=527"}],"curies":[{"name":"wp","href":"https:\/\/api.w.org\/{rel}","templated":true}]}}