{"id":626,"date":"2021-09-04T12:34:20","date_gmt":"2021-09-04T10:34:20","guid":{"rendered":"https:\/\/subitoradio.com\/?page_id=626"},"modified":"2021-09-04T12:34:21","modified_gmt":"2021-09-04T10:34:21","slug":"didier-demozay","status":"publish","type":"page","link":"https:\/\/subitoradio.com\/index.php\/didier-demozay\/","title":{"rendered":"Didier Demozay"},"content":{"rendered":"\n<figure class=\"wp-block-audio\"><audio controls src=\"https:\/\/subitoradio.com\/wp-content\/uploads\/2021\/09\/didier-demozay-mix.mp3\"><\/audio><figcaption>A l\u2019occasion de l\u2019exposition Subito Presto #3 nous avons demand\u00e9 aux artistes de nous d\u00e9crire leur derni\u00e8re peinture.<\/figcaption><\/figure>\n\n\n\n<figure class=\"wp-block-image size-large\"><img loading=\"lazy\" decoding=\"async\" width=\"726\" height=\"1024\" src=\"http:\/\/subitoradio.com\/wp-content\/uploads\/2021\/08\/SubitoPresto3_105x148_RVB-5-726x1024.jpg\" alt=\"\" class=\"wp-image-591\" srcset=\"https:\/\/subitoradio.com\/wp-content\/uploads\/2021\/08\/SubitoPresto3_105x148_RVB-5-726x1024.jpg 726w, https:\/\/subitoradio.com\/wp-content\/uploads\/2021\/08\/SubitoPresto3_105x148_RVB-5-213x300.jpg 213w, https:\/\/subitoradio.com\/wp-content\/uploads\/2021\/08\/SubitoPresto3_105x148_RVB-5-768x1083.jpg 768w, https:\/\/subitoradio.com\/wp-content\/uploads\/2021\/08\/SubitoPresto3_105x148_RVB-5-1090x1536.jpg 1090w, https:\/\/subitoradio.com\/wp-content\/uploads\/2021\/08\/SubitoPresto3_105x148_RVB-5-1080x1522.jpg 1080w, https:\/\/subitoradio.com\/wp-content\/uploads\/2021\/08\/SubitoPresto3_105x148_RVB-5.jpg 1240w\" sizes=\"auto, (max-width: 726px) 100vw, 726px\" \/><\/figure>\n","protected":false},"excerpt":{"rendered":"","protected":false},"author":1,"featured_media":0,"parent":0,"menu_order":0,"comment_status":"closed","ping_status":"closed","template":"","meta":{"_et_pb_use_builder":"","_et_pb_old_content":"","_et_gb_content_width":"","footnotes":""},"class_list":["post-626","page","type-page","status-publish","hentry"],"_links":{"self":[{"href":"https:\/\/subitoradio.com\/index.php\/wp-json\/wp\/v2\/pages\/626","targetHints":{"allow":["GET"]}}],"collection":[{"href":"https:\/\/subitoradio.com\/index.php\/wp-json\/wp\/v2\/pages"}],"about":[{"href":"https:\/\/subitoradio.com\/index.php\/wp-json\/wp\/v2\/types\/page"}],"author":[{"embeddable":true,"href":"https:\/\/subitoradio.com\/index.php\/wp-json\/wp\/v2\/users\/1"}],"replies":[{"embeddable":true,"href":"https:\/\/subitoradio.com\/index.php\/wp-json\/wp\/v2\/comments?post=626"}],"version-history":[{"count":2,"href":"https:\/\/subitoradio.com\/index.php\/wp-json\/wp\/v2\/pages\/626\/revisions"}],"predecessor-version":[{"id":630,"href":"https:\/\/subitoradio.com\/index.php\/wp-json\/wp\/v2\/pages\/626\/revisions\/630"}],"wp:attachment":[{"href":"https:\/\/subitoradio.com\/index.php\/wp-json\/wp\/v2\/media?parent=626"}],"curies":[{"name":"wp","href":"https:\/\/api.w.org\/{rel}","templated":true}]}}