{"id":634,"date":"2021-10-25T19:59:58","date_gmt":"2021-10-25T17:59:58","guid":{"rendered":"https:\/\/subitoradio.com\/?page_id=634"},"modified":"2021-11-15T17:57:46","modified_gmt":"2021-11-15T16:57:46","slug":"nathalie-hughes-2","status":"publish","type":"page","link":"https:\/\/subitoradio.com\/index.php\/nathalie-hughes-2\/","title":{"rendered":"Nathalie Hughes"},"content":{"rendered":"<p>[et_pb_section fb_built=\u00a0\u00bb1&Prime; _builder_version=\u00a0\u00bb3.22&Prime; custom_padding=\u00a0\u00bb54px|0px|54px|0px\u00a0\u00bb global_colors_info=\u00a0\u00bb{}\u00a0\u00bb][et_pb_row _builder_version=\u00a0\u00bb3.25&Prime; global_colors_info=\u00a0\u00bb{}\u00a0\u00bb][et_pb_column type=\u00a0\u00bb4_4&Prime; _builder_version=\u00a0\u00bb3.25&Prime; custom_padding=\u00a0\u00bb|||\u00a0\u00bb global_colors_info=\u00a0\u00bb{}\u00a0\u00bb custom_padding__hover=\u00a0\u00bb|||\u00a0\u00bb][et_pb_image src=\u00a0\u00bbhttp:\/\/subitoradio.com\/wp-content\/uploads\/2021\/10\/IMG_20210514_172950-scaled.jpg\u00a0\u00bb align_tablet=\u00a0\u00bbcenter\u00a0\u00bb align_phone=\u00a0\u00bbcenter\u00a0\u00bb align_last_edited=\u00a0\u00bbon|desktop\u00a0\u00bb _builder_version=\u00a0\u00bb3.23&Prime; global_colors_info=\u00a0\u00bb{}\u00a0\u00bb][\/et_pb_image][\/et_pb_column][\/et_pb_row][et_pb_row _builder_version=\u00a0\u00bb3.25&Prime; global_colors_info=\u00a0\u00bb{}\u00a0\u00bb column_structure=\u00a0\u00bb1_3,2_3&Prime;][et_pb_column type=\u00a0\u00bb1_3&Prime; _builder_version=\u00a0\u00bb3.25&Prime; custom_padding=\u00a0\u00bb|||\u00a0\u00bb global_colors_info=\u00a0\u00bb{}\u00a0\u00bb custom_padding__hover=\u00a0\u00bb|||\u00a0\u00bb][et_pb_blurb title=\u00a0\u00bbNathalie Hughes\u00a0\u00bb _builder_version=\u00a0\u00bb4.11.4&Prime; hover_enabled=\u00a0\u00bb0&Prime; global_colors_info=\u00a0\u00bb{}\u00a0\u00bb sticky_enabled=\u00a0\u00bb0&Prime;]<\/p>\n<p>Artiste<\/p>\n<p>http:\/\/www.documentsdartistes.org\/artistes\/hugues\/repro.html<\/p>\n<p><a href=\"http:\/\/www.documentsdartistes.org\/artistes\/hugues\/repro.html\">\u00a0<\/a><\/p>\n<p>[\/et_pb_blurb][et_pb_audio audio=\u00a0\u00bbhttp:\/\/subitoradio.com\/wp-content\/uploads\/2021\/10\/nathalie-hugues-mix3.mp3&Prime; title=\u00a0\u00bbEntretien radiophonique Nathalie Hugues \u00a0\u00bb artist_name=\u00a0\u00bb Armelle de Sainte Marie et Fr\u00e9d\u00e9ric Arcos\u00a0\u00bb album_name=\u00a0\u00bbin situ\u00a0\u00bb _builder_version=\u00a0\u00bb4.11.4&Prime; global_colors_info=\u00a0\u00bb{}\u00a0\u00bb][\/et_pb_audio][\/et_pb_column][et_pb_column type=\u00a0\u00bb2_3&Prime; _builder_version=\u00a0\u00bb3.25&Prime; custom_padding=\u00a0\u00bb|||\u00a0\u00bb global_colors_info=\u00a0\u00bb{}\u00a0\u00bb custom_padding__hover=\u00a0\u00bb|||\u00a0\u00bb][et_pb_text _builder_version=\u00a0\u00bb3.27.4&Prime; global_colors_info=\u00a0\u00bb{}\u00a0\u00bb]3 probl\u00e8mes de peintre<\/p>\n<p>1<br \/>\nL\u2019autre nuit. J\u2019ai bien regard\u00e9 tout ce qui vit \u00e9tait consentant.<br \/>\nBouge pas j&rsquo;ai pas fini la pause peinte.<br \/>\nJe me permets de te dire que je suis encore en train de voir.<\/p>\n<p>2<br \/>\nPour peindre, il faut<br \/>\nUn lieu pour peindre<br \/>\nDe la lumi\u00e8re et de l&rsquo;eau<br \/>\nUn support pour la mati\u00e8re<br \/>\nUn ami<br \/>\nUn corps vivant portant ses mains et son sang, haut<br \/>\nUn lieu assez grand pour y reculer<br \/>\nUn corps qui accueille la sensation<br \/>\nUn ami qui vous aime<br \/>\nUn torchon<\/p>\n<p>3<br \/>\nLa main s&rsquo;agite comme pour dire au revoir.<br \/>\nAh non, ce sont les couleurs qui essuient le drap qui tient le mur.<br \/>\nAu revoir le paysage.<br \/>\nAu revoir les oiseaux.<br \/>\nC&rsquo;est pas possible de revenir au geste pr\u00e9c\u00e9dent. C&rsquo;est pas possible \u00e7a creuser un trou entre deux<br \/>\n\u00e9paisseurs de linge et puis laver les outils.[\/et_pb_text][\/et_pb_column][\/et_pb_row][\/et_pb_section]<\/p>\n","protected":false},"excerpt":{"rendered":"<p>Artiste http:\/\/www.documentsdartistes.org\/artistes\/hugues\/repro.html \u00a03 probl\u00e8mes de peintre 1 L\u2019autre nuit. J\u2019ai bien regard\u00e9 tout ce qui vit \u00e9tait consentant. Bouge pas j&rsquo;ai pas fini la pause peinte. Je me permets de te dire que je suis encore en train de voir. 2 Pour peindre, il faut Un lieu pour peindre De la lumi\u00e8re et de l&rsquo;eau [&hellip;]<\/p>\n","protected":false},"author":1,"featured_media":0,"parent":0,"menu_order":0,"comment_status":"closed","ping_status":"closed","template":"","meta":{"_et_pb_use_builder":"on","_et_pb_old_content":"","_et_gb_content_width":"","footnotes":""},"class_list":["post-634","page","type-page","status-publish","hentry"],"_links":{"self":[{"href":"https:\/\/subitoradio.com\/index.php\/wp-json\/wp\/v2\/pages\/634","targetHints":{"allow":["GET"]}}],"collection":[{"href":"https:\/\/subitoradio.com\/index.php\/wp-json\/wp\/v2\/pages"}],"about":[{"href":"https:\/\/subitoradio.com\/index.php\/wp-json\/wp\/v2\/types\/page"}],"author":[{"embeddable":true,"href":"https:\/\/subitoradio.com\/index.php\/wp-json\/wp\/v2\/users\/1"}],"replies":[{"embeddable":true,"href":"https:\/\/subitoradio.com\/index.php\/wp-json\/wp\/v2\/comments?post=634"}],"version-history":[{"count":14,"href":"https:\/\/subitoradio.com\/index.php\/wp-json\/wp\/v2\/pages\/634\/revisions"}],"predecessor-version":[{"id":678,"href":"https:\/\/subitoradio.com\/index.php\/wp-json\/wp\/v2\/pages\/634\/revisions\/678"}],"wp:attachment":[{"href":"https:\/\/subitoradio.com\/index.php\/wp-json\/wp\/v2\/media?parent=634"}],"curies":[{"name":"wp","href":"https:\/\/api.w.org\/{rel}","templated":true}]}}