{"id":681,"date":"2022-02-08T20:12:27","date_gmt":"2022-02-08T19:12:27","guid":{"rendered":"https:\/\/subitoradio.com\/?page_id=681"},"modified":"2022-02-08T20:12:27","modified_gmt":"2022-02-08T19:12:27","slug":"raphaelle-paupert-borne","status":"publish","type":"page","link":"https:\/\/subitoradio.com\/index.php\/raphaelle-paupert-borne\/","title":{"rendered":"Rapha\u00eblle Paupert Borne"},"content":{"rendered":"<p>[et_pb_section fb_built=\u00a0\u00bb1&Prime; _builder_version=\u00a0\u00bb3.22&Prime; custom_padding=\u00a0\u00bb25px|0px|25px|0px\u00a0\u00bb global_colors_info=\u00a0\u00bb{}\u00a0\u00bb][et_pb_row _builder_version=\u00a0\u00bb3.25&Prime; custom_padding=\u00a0\u00bb0px|0px|0px|0px\u00a0\u00bb global_colors_info=\u00a0\u00bb{}\u00a0\u00bb][et_pb_column type=\u00a0\u00bb4_4&Prime; _builder_version=\u00a0\u00bb3.25&Prime; custom_padding=\u00a0\u00bb|||\u00a0\u00bb global_colors_info=\u00a0\u00bb{}\u00a0\u00bb custom_padding__hover=\u00a0\u00bb|||\u00a0\u00bb][et_pb_image src=\u00a0\u00bbhttp:\/\/subitoradio.com\/wp-content\/uploads\/2022\/02\/photoexteraphaelle.jpg\u00a0\u00bb show_bottom_space=\u00a0\u00bboff\u00a0\u00bb align=\u00a0\u00bbcenter\u00a0\u00bb align_tablet=\u00a0\u00bbcenter\u00a0\u00bb align_last_edited=\u00a0\u00bbon|desktop\u00a0\u00bb _builder_version=\u00a0\u00bb4.11.4&Prime; custom_margin=\u00a0\u00bb0px|0px|0px|0px\u00a0\u00bb custom_padding=\u00a0\u00bb0px|0px|0px|0px\u00a0\u00bb hover_enabled=\u00a0\u00bb0&Prime; always_center_on_mobile=\u00a0\u00bbon\u00a0\u00bb global_colors_info=\u00a0\u00bb{}\u00a0\u00bb title_text=\u00a0\u00bbphotoexteraphaelle\u00a0\u00bb sticky_enabled=\u00a0\u00bb0&Prime; align_phone=\u00a0\u00bbcenter\u00a0\u00bb][\/et_pb_image][\/et_pb_column][\/et_pb_row][\/et_pb_section][et_pb_section fb_built=\u00a0\u00bb1&Prime; _builder_version=\u00a0\u00bb3.22&Prime; custom_padding=\u00a0\u00bb25px|0px|25px|0px\u00a0\u00bb global_colors_info=\u00a0\u00bb{}\u00a0\u00bb][et_pb_row _builder_version=\u00a0\u00bb3.25&Prime; custom_padding=\u00a0\u00bb0px|0px|0px|0px\u00a0\u00bb global_colors_info=\u00a0\u00bb{}\u00a0\u00bb column_structure=\u00a0\u00bb1_3,2_3&Prime;][et_pb_column type=\u00a0\u00bb1_3&Prime; _builder_version=\u00a0\u00bb3.25&Prime; custom_padding=\u00a0\u00bb|||\u00a0\u00bb global_colors_info=\u00a0\u00bb{}\u00a0\u00bb custom_padding__hover=\u00a0\u00bb|||\u00a0\u00bb][et_pb_team_member name=\u00a0\u00bbRapha\u00eblle Paupert Borne\u00a0\u00bb position=\u00a0\u00bbArtiste\u00a0\u00bb _builder_version=\u00a0\u00bb4.11.4&Prime; hover_enabled=\u00a0\u00bb0&Prime; global_colors_info=\u00a0\u00bb{}\u00a0\u00bb sticky_enabled=\u00a0\u00bb0&Prime;]<\/p>\n<p>http:\/\/www.documentsdartistes.org\/artistes\/paupert-borne\/repro.html<\/p>\n<p>[\/et_pb_team_member][et_pb_audio audio=\u00a0\u00bbhttp:\/\/subitoradio.com\/wp-content\/uploads\/2022\/02\/mix-rapha\u00bdlle4.mp3&Prime; title=\u00a0\u00bbRapha\u00eblle Paupert Borne\u00a0\u00bb artist_name=\u00a0\u00bbArmelle de Sainte Marie et Fr\u00e9d\u00e9ric Arcos\u00a0\u00bb album_name=\u00a0\u00bbin situ\u00a0\u00bb _builder_version=\u00a0\u00bb4.11.4&Prime; hover_enabled=\u00a0\u00bb0&Prime; global_colors_info=\u00a0\u00bb{}\u00a0\u00bb title_text=\u00a0\u00bbmix-rapha+\u00bdlle4&Prime; sticky_enabled=\u00a0\u00bb0&Prime;][\/et_pb_audio][\/et_pb_column][et_pb_column type=\u00a0\u00bb2_3&Prime; _builder_version=\u00a0\u00bb3.25&Prime; custom_padding=\u00a0\u00bb|||\u00a0\u00bb global_colors_info=\u00a0\u00bb{}\u00a0\u00bb custom_padding__hover=\u00a0\u00bb|||\u00a0\u00bb][et_pb_text _builder_version=\u00a0\u00bb4.11.4&Prime; hover_enabled=\u00a0\u00bb0&Prime; global_colors_info=\u00a0\u00bb{}\u00a0\u00bb sticky_enabled=\u00a0\u00bb0&Prime;]<\/p>\n<p><span>\u00ab\u00a0<\/span><i>Voir et non regarder<\/i><\/p>\n<p><i><\/i><\/p>\n<div><\/div>\n<div>Venez, nous sortons. Nous allons dans le monde, nous allons au dehors. Allons<span>\u00a0<\/span><i>voir<\/i>.<\/div>\n<div><\/div>\n<div><\/div>\n<div><\/div>\n<div>(La peinture de) RPB nous invite<\/div>\n<div><\/div>\n<div><\/div>\n<div>Allons au dehors. Et m\u00eame \u00e0 l\u2019int\u00e9rieur, dans un salon o\u00f9 des amis discutent, dans un caf\u00e9, dans un atelier, nous serons au dehors. Le dehors, qui n\u2019est pourtant jamais \u00e0 distance, qui pourtant ne s\u00e9journe jamais dans l\u2019\u00e9loignement d\u2019un regard, mais qui est l\u00e0, sous notre \u0153il mais non pas devant notre regard, c\u2019est ce que nous voyons, c\u2019est, dans les toiles de RPB, ce qui est donn\u00e9 \u00e0 voir. Par paradoxe peut-\u00eatre, le dehors, le monde dans toute sa visibilit\u00e9, uniquement visible, est ce qu\u2019il y a de plus proche, l\u00e0, \u00e0 la surface du tableau. Ce qui est donn\u00e9 \u00e0 voir est surface et sur la surface.<\/div>\n<div><\/div>\n<div><\/div>\n<div>(\u2026)<\/div>\n<div><\/div>\n<div><\/div>\n<div><i>Du r\u00e9el \u00e0 la vie<\/i><\/div>\n<div><i><\/i><\/div>\n<div><\/div>\n<div>Pourquoi ? Laisser \u00eatre, c\u2019est laisser faire, autrement dit laisser faire la peinture. RPB laisse faire la peinture, qui n\u2019est sans doute pas une op\u00e9ration magique, mais qui seule \u00ab\u00a0sait\u00a0\u00bb attirer le visible. Non pas magique, mais miraculeuse peut-\u00eatre, puisque le r\u00e9el s\u2019y prend. Non pas pris au pi\u00e8ge de la repr\u00e9sentation, non pas pris au pi\u00e8ge dans les rets du regard : la toile n\u2019est pas une toile d\u2019araign\u00e9e. Elle est la p\u00e2te plane de la vision o\u00f9 les plis du r\u00e9el s\u2019ex-pliquent sans que pour autant il soit l\u2019objet d\u2019une connaissance, d\u2019une th\u00e9orie.\u00a0\u00bb<\/div>\n<div><\/div>\n<div><\/div>\n<div>Vincent Delecroix, in<span>\u00a0<\/span><i>Rome, Paris, Constantine<\/i>, \u00e9ditions Analogues, 2012<\/div>\n<p>[\/et_pb_text][\/et_pb_column][\/et_pb_row][\/et_pb_section]<\/p>\n","protected":false},"excerpt":{"rendered":"<p>http:\/\/www.documentsdartistes.org\/artistes\/paupert-borne\/repro.html\u00ab\u00a0Voir et non regarder Venez, nous sortons. Nous allons dans le monde, nous allons au dehors. Allons\u00a0voir. (La peinture de) RPB nous invite Allons au dehors. Et m\u00eame \u00e0 l\u2019int\u00e9rieur, dans un salon o\u00f9 des amis discutent, dans un caf\u00e9, dans un atelier, nous serons au dehors. Le dehors, qui n\u2019est pourtant jamais \u00e0 distance, [&hellip;]<\/p>\n","protected":false},"author":1,"featured_media":0,"parent":0,"menu_order":0,"comment_status":"closed","ping_status":"closed","template":"page-template-blank.php","meta":{"_et_pb_use_builder":"on","_et_pb_old_content":"<!-- wp:divi\/placeholder \/-->","_et_gb_content_width":"","footnotes":""},"class_list":["post-681","page","type-page","status-publish","hentry"],"_links":{"self":[{"href":"https:\/\/subitoradio.com\/index.php\/wp-json\/wp\/v2\/pages\/681","targetHints":{"allow":["GET"]}}],"collection":[{"href":"https:\/\/subitoradio.com\/index.php\/wp-json\/wp\/v2\/pages"}],"about":[{"href":"https:\/\/subitoradio.com\/index.php\/wp-json\/wp\/v2\/types\/page"}],"author":[{"embeddable":true,"href":"https:\/\/subitoradio.com\/index.php\/wp-json\/wp\/v2\/users\/1"}],"replies":[{"embeddable":true,"href":"https:\/\/subitoradio.com\/index.php\/wp-json\/wp\/v2\/comments?post=681"}],"version-history":[{"count":4,"href":"https:\/\/subitoradio.com\/index.php\/wp-json\/wp\/v2\/pages\/681\/revisions"}],"predecessor-version":[{"id":691,"href":"https:\/\/subitoradio.com\/index.php\/wp-json\/wp\/v2\/pages\/681\/revisions\/691"}],"wp:attachment":[{"href":"https:\/\/subitoradio.com\/index.php\/wp-json\/wp\/v2\/media?parent=681"}],"curies":[{"name":"wp","href":"https:\/\/api.w.org\/{rel}","templated":true}]}}