{"id":694,"date":"2022-05-15T21:12:11","date_gmt":"2022-05-15T19:12:11","guid":{"rendered":"https:\/\/subitoradio.com\/?page_id=694"},"modified":"2022-05-22T14:14:17","modified_gmt":"2022-05-22T12:14:17","slug":"ghislaine-vappereau","status":"publish","type":"page","link":"https:\/\/subitoradio.com\/index.php\/ghislaine-vappereau\/","title":{"rendered":"Ghislaine Vappereau"},"content":{"rendered":"<p>[et_pb_section fb_built=\u00a0\u00bb1&Prime; _builder_version=\u00a0\u00bb3.22&Prime; custom_padding=\u00a0\u00bb25px|0px|25px|0px\u00a0\u00bb global_colors_info=\u00a0\u00bb{}\u00a0\u00bb][et_pb_row _builder_version=\u00a0\u00bb3.25&Prime; custom_padding=\u00a0\u00bb0px|0px|0px|0px\u00a0\u00bb global_colors_info=\u00a0\u00bb{}\u00a0\u00bb][et_pb_column type=\u00a0\u00bb4_4&Prime; _builder_version=\u00a0\u00bb3.25&Prime; custom_padding=\u00a0\u00bb|||\u00a0\u00bb global_colors_info=\u00a0\u00bb{}\u00a0\u00bb custom_padding__hover=\u00a0\u00bb|||\u00a0\u00bb][et_pb_image src=\u00a0\u00bbhttp:\/\/subitoradio.com\/wp-content\/uploads\/2022\/05\/ghislainesubito.jpg\u00a0\u00bb title_text=\u00a0\u00bbghislainesubito\u00a0\u00bb _builder_version=\u00a0\u00bb4.11.4&Prime; _module_preset=\u00a0\u00bbdefault\u00a0\u00bb global_colors_info=\u00a0\u00bb{}\u00a0\u00bb][\/et_pb_image][\/et_pb_column][\/et_pb_row][\/et_pb_section][et_pb_section fb_built=\u00a0\u00bb1&Prime; _builder_version=\u00a0\u00bb3.22&Prime; custom_padding=\u00a0\u00bb25px|0px|25px|0px\u00a0\u00bb global_colors_info=\u00a0\u00bb{}\u00a0\u00bb][et_pb_row column_structure=\u00a0\u00bb1_3,2_3&Prime; _builder_version=\u00a0\u00bb3.25&Prime; custom_padding=\u00a0\u00bb0px|0px|0px|0px\u00a0\u00bb global_colors_info=\u00a0\u00bb{}\u00a0\u00bb][et_pb_column type=\u00a0\u00bb1_3&Prime; _builder_version=\u00a0\u00bb3.25&Prime; custom_padding=\u00a0\u00bb|||\u00a0\u00bb global_colors_info=\u00a0\u00bb{}\u00a0\u00bb custom_padding__hover=\u00a0\u00bb|||\u00a0\u00bb][et_pb_team_member name=\u00a0\u00bbGhislaine Vappereau\u00a0\u00bb position=\u00a0\u00bbArtiste\u00a0\u00bb _builder_version=\u00a0\u00bb4.11.4&Prime; global_colors_info=\u00a0\u00bb{}\u00a0\u00bb]<\/p>\n<blockquote class=\"wp-embedded-content\" data-secret=\"UxLdWtFX6n\"><p><a href=\"https:\/\/www.ghislainevappereau.com\/\">Actualit\u00e9s<\/a><\/p><\/blockquote>\n<p><iframe loading=\"lazy\" class=\"wp-embedded-content\" sandbox=\"allow-scripts\" security=\"restricted\" style=\"position: absolute; clip: rect(1px, 1px, 1px, 1px);\" title=\"\u00ab\u00a0Actualit\u00e9s\u00a0\u00bb &#8212; Ghislaine Vappereau\" src=\"https:\/\/www.ghislainevappereau.com\/embed\/#?secret=XxeAi5ikrQ#?secret=UxLdWtFX6n\" data-secret=\"UxLdWtFX6n\" width=\"600\" height=\"338\" frameborder=\"0\" marginwidth=\"0\" marginheight=\"0\" scrolling=\"no\"><\/iframe><\/p>\n<p>[\/et_pb_team_member][et_pb_audio audio=\u00a0\u00bbhttp:\/\/subitoradio.com\/wp-content\/uploads\/2022\/05\/Ghislaine-Vappereau-mix-1.mp3&Prime; title=\u00a0\u00bbEntretien radiophonique de Ghislaine Vappereau\u00a0\u00bb artist_name=\u00a0\u00bb  Annie Paule Thorel\u00a0\u00bb album_name=\u00a0\u00bbin situ\u00a0\u00bb _builder_version=\u00a0\u00bb4.11.4&Prime; hover_enabled=\u00a0\u00bb0&Prime; global_colors_info=\u00a0\u00bb{}\u00a0\u00bb sticky_enabled=\u00a0\u00bb0&Prime; title_text=\u00a0\u00bbGhislaine Vappereau-mix\u00a0\u00bb][\/et_pb_audio][\/et_pb_column][et_pb_column type=\u00a0\u00bb2_3&Prime; _builder_version=\u00a0\u00bb3.25&Prime; custom_padding=\u00a0\u00bb|||\u00a0\u00bb global_colors_info=\u00a0\u00bb{}\u00a0\u00bb custom_padding__hover=\u00a0\u00bb|||\u00a0\u00bb][et_pb_text _builder_version=\u00a0\u00bb4.11.4&Prime; global_colors_info=\u00a0\u00bb{}\u00a0\u00bb]<\/p>\n<p>J\u2019ai accept\u00e9 de vivre sans logement mais Je n\u2019ai jamais pu me passer d\u2019un atelier. L\u2019atelier est le lieu qui me confirme mon existence. D\u00e9s la porte d\u2019entr\u00e9e franchie, au premier regard, je me sens sollicit\u00e9e par l\u2019atelier, c\u2019est le lieu o\u00f9 je con\u00e7ois les pi\u00e8ces o\u00f9 l\u2019alchimie de la cr\u00e9ation se cristalise. Je suis install\u00e9e depuis bient\u00f4t 30 ans dans le m\u00eame espace et l\u2019id\u00e9e de partir me consterne. C\u2019est une ancienne usine en rez-de-chauss\u00e9e facile d\u2019acc\u00e8s ce qui compte pour un sculpteur, et \u00e9clair\u00e9e de fen\u00eatres de toit. C\u2019est un espace qui appelle au travail. Il n\u2019y a rien de confortable, ni fauteuil, ni canap\u00e9, ni cuisine, pour garder l\u2019esprit en \u00e9veil, pour rester en alerte, sur le qui-vive. Un atelier, c\u2019est un organisme vivant qui doit pouvoir r\u00e9pondre rapidement au d\u00e9veloppement de la recherche et avoir en d\u00e9p\u00f4t quantit\u00e9 d\u2019outillage, de mat\u00e9riaux, papiers pour \u00eatre r\u00e9actif et s\u2019adapter aux \u00e9volutions du projet. Il est encombr\u00e9 en fonction des p\u00e9riodes de travail et r\u00e9guli\u00e8rement je dois ranger, r\u00e9organiser, d\u00e9placer les \u0153uvres. Mais je ne range jamais parfaitement, des \u00e9l\u00e9ments de travail sont laiss\u00e9s au milieu de l\u2019espace pour qu\u2019\u00e0 chaque fois que je les \u00e9vite, ils se rappellent \u00e0 ma m\u00e9moire et poursuivent une r\u00e9flexion int\u00e9rieure.\u00a0<\/p>\n<p>[\/et_pb_text][\/et_pb_column][\/et_pb_row][\/et_pb_section]<\/p>\n","protected":false},"excerpt":{"rendered":"<p>https:\/\/www.ghislainevappereau.com\/J\u2019ai accept\u00e9 de vivre sans logement mais Je n\u2019ai jamais pu me passer d\u2019un atelier. L\u2019atelier est le lieu qui me confirme mon existence. D\u00e9s la porte d\u2019entr\u00e9e franchie, au premier regard, je me sens sollicit\u00e9e par l\u2019atelier, c\u2019est le lieu o\u00f9 je con\u00e7ois les pi\u00e8ces o\u00f9 l\u2019alchimie de la cr\u00e9ation se cristalise. Je suis [&hellip;]<\/p>\n","protected":false},"author":1,"featured_media":0,"parent":0,"menu_order":0,"comment_status":"closed","ping_status":"closed","template":"","meta":{"_et_pb_use_builder":"on","_et_pb_old_content":"<!-- wp:divi\/placeholder \/-->","_et_gb_content_width":"","footnotes":""},"class_list":["post-694","page","type-page","status-publish","hentry"],"_links":{"self":[{"href":"https:\/\/subitoradio.com\/index.php\/wp-json\/wp\/v2\/pages\/694","targetHints":{"allow":["GET"]}}],"collection":[{"href":"https:\/\/subitoradio.com\/index.php\/wp-json\/wp\/v2\/pages"}],"about":[{"href":"https:\/\/subitoradio.com\/index.php\/wp-json\/wp\/v2\/types\/page"}],"author":[{"embeddable":true,"href":"https:\/\/subitoradio.com\/index.php\/wp-json\/wp\/v2\/users\/1"}],"replies":[{"embeddable":true,"href":"https:\/\/subitoradio.com\/index.php\/wp-json\/wp\/v2\/comments?post=694"}],"version-history":[{"count":4,"href":"https:\/\/subitoradio.com\/index.php\/wp-json\/wp\/v2\/pages\/694\/revisions"}],"predecessor-version":[{"id":727,"href":"https:\/\/subitoradio.com\/index.php\/wp-json\/wp\/v2\/pages\/694\/revisions\/727"}],"wp:attachment":[{"href":"https:\/\/subitoradio.com\/index.php\/wp-json\/wp\/v2\/media?parent=694"}],"curies":[{"name":"wp","href":"https:\/\/api.w.org\/{rel}","templated":true}]}}