{"id":746,"date":"2023-02-06T18:45:30","date_gmt":"2023-02-06T17:45:30","guid":{"rendered":"https:\/\/subitoradio.com\/?page_id=746"},"modified":"2023-02-06T18:45:30","modified_gmt":"2023-02-06T17:45:30","slug":"jean-laube-5","status":"publish","type":"page","link":"https:\/\/subitoradio.com\/index.php\/jean-laube-5\/","title":{"rendered":"Jean Laube"},"content":{"rendered":"<p>[et_pb_section fb_built=\u00a0\u00bb1&Prime; _builder_version=\u00a0\u00bb3.22&Prime; custom_padding=\u00a0\u00bb25px|0px|25px|0px\u00a0\u00bb global_colors_info=\u00a0\u00bb{}\u00a0\u00bb][et_pb_row _builder_version=\u00a0\u00bb3.25&Prime; custom_padding=\u00a0\u00bb0px|0px|0px|0px\u00a0\u00bb global_colors_info=\u00a0\u00bb{}\u00a0\u00bb][et_pb_column type=\u00a0\u00bb4_4&Prime; _builder_version=\u00a0\u00bb3.25&Prime; custom_padding=\u00a0\u00bb|||\u00a0\u00bb global_colors_info=\u00a0\u00bb{}\u00a0\u00bb custom_padding__hover=\u00a0\u00bb|||\u00a0\u00bb][et_pb_image src=\u00a0\u00bbhttp:\/\/subitoradio.com\/wp-content\/uploads\/2023\/02\/jeanlaube-scaled.jpg\u00a0\u00bb title_text=\u00a0\u00bbjeanlaube\u00a0\u00bb show_bottom_space=\u00a0\u00bboff\u00a0\u00bb align=\u00a0\u00bbcenter\u00a0\u00bb align_tablet=\u00a0\u00bbcenter\u00a0\u00bb align_phone=\u00a0\u00bbcenter\u00a0\u00bb align_last_edited=\u00a0\u00bbon|desktop\u00a0\u00bb _builder_version=\u00a0\u00bb4.11.4&Prime; custom_margin=\u00a0\u00bb0px|0px|0px|0px\u00a0\u00bb custom_padding=\u00a0\u00bb0px|0px|0px|0px\u00a0\u00bb always_center_on_mobile=\u00a0\u00bbon\u00a0\u00bb global_colors_info=\u00a0\u00bb{}\u00a0\u00bb][\/et_pb_image][\/et_pb_column][\/et_pb_row][\/et_pb_section][et_pb_section fb_built=\u00a0\u00bb1&Prime; _builder_version=\u00a0\u00bb3.22&Prime; custom_padding=\u00a0\u00bb25px|0px|25px|0px\u00a0\u00bb global_colors_info=\u00a0\u00bb{}\u00a0\u00bb][et_pb_row column_structure=\u00a0\u00bb1_3,2_3&Prime; _builder_version=\u00a0\u00bb3.25&Prime; custom_padding=\u00a0\u00bb0px|0px|0px|0px\u00a0\u00bb global_colors_info=\u00a0\u00bb{}\u00a0\u00bb][et_pb_column type=\u00a0\u00bb1_3&Prime; _builder_version=\u00a0\u00bb3.25&Prime; custom_padding=\u00a0\u00bb|||\u00a0\u00bb global_colors_info=\u00a0\u00bb{}\u00a0\u00bb custom_padding__hover=\u00a0\u00bb|||\u00a0\u00bb][et_pb_team_member name=\u00a0\u00bbJean Laube\u00a0\u00bb position=\u00a0\u00bbartiste\u00a0\u00bb _builder_version=\u00a0\u00bb4.11.4&Prime; global_colors_info=\u00a0\u00bb{}\u00a0\u00bb]https:\/\/www.documentsdartistes.org\/artistes\/laube\/repro.html[\/et_pb_team_member][et_pb_audio audio=\u00a0\u00bbhttp:\/\/subitoradio.com\/wp-content\/uploads\/2023\/02\/jean-laube-mix2.mp3&Prime; title=\u00a0\u00bbEntretien radiophonique avec Jean Laube\u00a0\u00bb artist_name=\u00a0\u00bb fr\u00e9d\u00e9ric Arcos et Armelle de Sainte Marie\u00a0\u00bb album_name=\u00a0\u00bbin situ\u00a0\u00bb _builder_version=\u00a0\u00bb4.11.4&Prime; hover_enabled=\u00a0\u00bb0&Prime; global_colors_info=\u00a0\u00bb{}\u00a0\u00bb title_text=\u00a0\u00bbjean-laube-mix2&Prime; sticky_enabled=\u00a0\u00bb0&Prime;][\/et_pb_audio][\/et_pb_column][et_pb_column type=\u00a0\u00bb2_3&Prime; _builder_version=\u00a0\u00bb3.25&Prime; custom_padding=\u00a0\u00bb|||\u00a0\u00bb global_colors_info=\u00a0\u00bb{}\u00a0\u00bb custom_padding__hover=\u00a0\u00bb|||\u00a0\u00bb][et_pb_text _builder_version=\u00a0\u00bb4.11.4&Prime; global_colors_info=\u00a0\u00bb{}\u00a0\u00bb]Rue de la Joliette<br \/>\nC\u2019est dans une ancienne usine de chaussures. Quand les chaussures furent faites<br \/>\nailleurs cela fit place \u00e0 autre chose, puis \u00e0 de jeunes artistes, puis d\u2019autres, et<br \/>\nencore aujourd\u2019hui. C\u2019est un atelier partag\u00e9, on s\u2019y croise le plus souvent, on s\u2019y<br \/>\nretrouve parfois. On y invite d\u2019autres artistes et des visiteurs. Cela s\u2019est construit<br \/>\npar strates, cloisons, \u00e9chelles, plateformes, espaces clos ouverts les uns sur les<br \/>\nautres. Le sol est en carreaux de terre, rouges devenus noirs, les murs tr\u00e8s hauts,<br \/>\nblancs, une charpente \u00e9norme, de rares fen\u00eatres.<br \/>\nDe l\u00e0, on entend les manifestations sur la Porte d\u2019Aix, les radios des voisins, la<br \/>\nvoisine du dessous en col\u00e8re, celui qui ponce.<br \/>\nJe le range depuis longtemps. Ferm\u00e9 je l\u2019oublie. Tout y est contenu, c\u2019est une<br \/>\nr\u00e9serve de couleurs, de formes, de pi\u00e8ces et de fragments, de grands et de petits<br \/>\noutils. Les choses y existent en rayon, en caisses, aux murs, sur des tables, en<br \/>\ndiff\u00e9rents \u00e9tats : possibles, commenc\u00e9es, finies, \u00e0 refaire. Elles existent rang\u00e9es<br \/>\nl\u00e0, puis elles existent autrement une fois expos\u00e9es. C\u2019est un lieu de r\u00e9serve et<br \/>\nd\u2019invention. Les gestes retrouv\u00e9s quand j\u2019y reviens sont au pr\u00e9sent, me rendent<br \/>\npr\u00e9sent. J\u2019en ressors croyant voir mieux. Je repars en fin de journ\u00e9e, juste avant<br \/>\nde partir, je stoppe, j\u2019arr\u00eate ce que je retrouverai intact, mais qui aura travaill\u00e9<br \/>\nentre temps.<br \/>\nAu pied de l\u2019immeuble un marchand import-export, les voitures neuves luisent et<br \/>\nattendent.<br \/>\nJean Laube, janvier 2023[\/et_pb_text][\/et_pb_column][\/et_pb_row][\/et_pb_section]<\/p>\n","protected":false},"excerpt":{"rendered":"<p>https:\/\/www.documentsdartistes.org\/artistes\/laube\/repro.htmlRue de la Joliette C\u2019est dans une ancienne usine de chaussures. Quand les chaussures furent faites ailleurs cela fit place \u00e0 autre chose, puis \u00e0 de jeunes artistes, puis d\u2019autres, et encore aujourd\u2019hui. C\u2019est un atelier partag\u00e9, on s\u2019y croise le plus souvent, on s\u2019y retrouve parfois. On y invite d\u2019autres artistes et des visiteurs. [&hellip;]<\/p>\n","protected":false},"author":1,"featured_media":0,"parent":0,"menu_order":0,"comment_status":"closed","ping_status":"closed","template":"","meta":{"_et_pb_use_builder":"on","_et_pb_old_content":"","_et_gb_content_width":"","footnotes":""},"class_list":["post-746","page","type-page","status-publish","hentry"],"_links":{"self":[{"href":"https:\/\/subitoradio.com\/index.php\/wp-json\/wp\/v2\/pages\/746","targetHints":{"allow":["GET"]}}],"collection":[{"href":"https:\/\/subitoradio.com\/index.php\/wp-json\/wp\/v2\/pages"}],"about":[{"href":"https:\/\/subitoradio.com\/index.php\/wp-json\/wp\/v2\/types\/page"}],"author":[{"embeddable":true,"href":"https:\/\/subitoradio.com\/index.php\/wp-json\/wp\/v2\/users\/1"}],"replies":[{"embeddable":true,"href":"https:\/\/subitoradio.com\/index.php\/wp-json\/wp\/v2\/comments?post=746"}],"version-history":[{"count":5,"href":"https:\/\/subitoradio.com\/index.php\/wp-json\/wp\/v2\/pages\/746\/revisions"}],"predecessor-version":[{"id":761,"href":"https:\/\/subitoradio.com\/index.php\/wp-json\/wp\/v2\/pages\/746\/revisions\/761"}],"wp:attachment":[{"href":"https:\/\/subitoradio.com\/index.php\/wp-json\/wp\/v2\/media?parent=746"}],"curies":[{"name":"wp","href":"https:\/\/api.w.org\/{rel}","templated":true}]}}