{"id":82,"date":"2019-01-02T18:07:57","date_gmt":"2019-01-02T17:07:57","guid":{"rendered":"http:\/\/subitoradio.com\/?page_id=82"},"modified":"2019-07-02T11:23:41","modified_gmt":"2019-07-02T09:23:41","slug":"marine-joatton","status":"publish","type":"page","link":"https:\/\/subitoradio.com\/index.php\/marine-joatton\/","title":{"rendered":"Marine Joatton"},"content":{"rendered":"<p>[et_pb_section fb_built=\u00a0\u00bb1&Prime; admin_label=\u00a0\u00bbsection\u00a0\u00bb _builder_version=\u00a0\u00bb3.0.47&Prime; custom_padding=\u00a0\u00bb24px|0px|25px|0px\u00a0\u00bb][et_pb_row custom_padding=\u00a0\u00bb0px|0px|1px|0px\u00a0\u00bb _builder_version=\u00a0\u00bb3.0.95&Prime;][et_pb_column type=\u00a0\u00bb4_4&Prime; _builder_version=\u00a0\u00bb3.0.95&Prime; parallax=\u00a0\u00bboff\u00a0\u00bb parallax_method=\u00a0\u00bbon\u00a0\u00bb][et_pb_image src=\u00a0\u00bbhttp:\/\/subitoradio.com\/wp-content\/uploads\/2019\/01\/MARINE_JOATTON.jpg\u00a0\u00bb show_bottom_space=\u00a0\u00bboff\u00a0\u00bb align=\u00a0\u00bbcenter\u00a0\u00bb _builder_version=\u00a0\u00bb3.0.95&Prime; custom_margin=\u00a0\u00bb0px|0px|0px|0px\u00a0\u00bb custom_padding=\u00a0\u00bb0px|0px|0px|0px\u00a0\u00bb][\/et_pb_image][\/et_pb_column][\/et_pb_row][\/et_pb_section][et_pb_section fb_built=\u00a0\u00bb1&Prime; _builder_version=\u00a0\u00bb3.0.95&Prime; custom_padding=\u00a0\u00bb25px|0px|25px|0px\u00a0\u00bb][et_pb_row custom_padding=\u00a0\u00bb0px|0px|0px|0px\u00a0\u00bb _builder_version=\u00a0\u00bb3.0.95&Prime;][et_pb_column type=\u00a0\u00bb1_3&Prime; _builder_version=\u00a0\u00bb3.0.95&Prime; parallax=\u00a0\u00bboff\u00a0\u00bb parallax_method=\u00a0\u00bbon\u00a0\u00bb][et_pb_team_member name=\u00a0\u00bbMarine Joatton\u00a0\u00bb position=\u00a0\u00bbPeintre\u00a0\u00bb _builder_version=\u00a0\u00bb3.0.95&Prime; custom_margin=\u00a0\u00bb0px|0px|25px|0px\u00a0\u00bb custom_margin_last_edited=\u00a0\u00bbon|desktop\u00a0\u00bb custom_padding=\u00a0\u00bb|||\u00a0\u00bb]<\/p>\n<p><a href=\"http:\/\/www.joatton.com\" target=\"_blank\" rel=\"noopener noreferrer\">www.joatton.com<\/a><\/p>\n<p>[\/et_pb_team_member][et_pb_audio audio=\u00a0\u00bbhttp:\/\/subitoradio.com\/wp-content\/uploads\/2019\/01\/marine-joatton-mix1.mp3&Prime; title=\u00a0\u00bbEntretien radiophonique avec Marine Joatton\u00a0\u00bb artist_name=\u00a0\u00bbClaire Colin Collin et Sylvain Roche\u00a0\u00bb album_name=\u00a0\u00bbIn situ\u00a0\u00bb _builder_version=\u00a0\u00bb3.0.95&Prime; background_color=\u00a0\u00bb#f19095&Prime;][\/et_pb_audio][\/et_pb_column][et_pb_column type=\u00a0\u00bb2_3&Prime; _builder_version=\u00a0\u00bb3.0.95&Prime; parallax=\u00a0\u00bboff\u00a0\u00bb parallax_method=\u00a0\u00bbon\u00a0\u00bb][et_pb_text _builder_version=\u00a0\u00bb3.0.95&Prime;]<\/p>\n<p><span style=\"font-weight: 400;\">Quand quelqu&rsquo;un veut visiter mon atelier, je le mets en garde, je raconte que c&rsquo;est une grotte constell\u00e9e de peinture ! En g\u00e9n\u00e9ral, \u00e7a ne fait pas peur, au contraire, cela attise la curiosit\u00e9&#8230;<\/span><\/p>\n<p><span style=\"font-weight: 400;\">Mon atelier est \u00e0 la fois un lieu de travail et de stockage. J&rsquo;y suis depuis douze ans et \u00e9tant tr\u00e8s productive, j&rsquo;y ai accumul\u00e9 beaucoup de travaux qui sont rang\u00e9s avec plus ou moins d&rsquo;ordre ou de fantaisie.<\/span><\/p>\n<p><span style=\"font-weight: 400;\">A la mani\u00e8re de ma peinture qui peut parfois para\u00eetre baroque, l&rsquo;atelier est une grotte dont le sol et le mur, qui me servent de support pour peindre, sont macul\u00e9s de peinture. Aux cadres color\u00e9s qui se superposent comme autant de traces limites de la toile ou de la feuille de papier, s&rsquo;agglutinent des boucles de m\u00e9lange pictural. Aux abords de ce mur, v\u00e9ritable poumon de l&rsquo;atelier, se dressent des \u00ab\u00a0tas\u00a0\u00bb de cadres et de toiles, prot\u00e9g\u00e9s par des b\u00e2ches.<\/span><\/p>\n<p><span style=\"font-weight: 400;\">Perpendiculaire \u00e0 ce mur, une table palette ondule sous un atlas de bosses et d\u2019anfractuosit\u00e9s aux mille et une couleurs. Dans ce d\u00e9dale savamment organis\u00e9, fusent des couleurs fluo \u00e0 peine sorties du tube.<\/span><\/p>\n<p><span style=\"font-weight: 400;\">Les visiteurs que je n&rsquo;ai pas r\u00e9ussi \u00e0 effrayer et qui franchissent la porte de l&rsquo;atelier sont aimant\u00e9s par cette palette qui d\u00e9borde d&rsquo;un nectar color\u00e9 lourd et subtil. Il y a quelques ann\u00e9es, je d\u00e9sesp\u00e9rais de ne pas parvenir \u00e0 convoquer une telle luxuriance sur la toile.\u00a0<\/span><\/p>\n<p><span style=\"font-weight: 400;\">Mon atelier est tr\u00e8s sommairement \u00e9quip\u00e9; une chaise, trois tabourets, tous r\u00e9ceptacles d&rsquo;ann\u00e9es de pratiques picturales. Chaque ustensile participe \u00e0 l&rsquo;activit\u00e9 fr\u00e9n\u00e9tique qui se d\u00e9ploie au creux de ce chaudron quasi industriel et gu\u00e8re confortable.<\/span><\/p>\n<p><span style=\"font-weight: 400;\">Un couloir \u00e9troit, recouvert d&rsquo;\u00e9tag\u00e8res charg\u00e9es d\u2019\u0153uvres de diff\u00e9rentes \u00e9poques, conduit au lavabo tout gris dans lequel je lave chaque matin mes pinceaux avant de me mettre au travail.<\/span><\/p>\n<p><span style=\"font-weight: 400;\">Enfin, l&rsquo;atelier abrite une courette \u00e0 ciel ouvert dans laquelle se dresse une cabane de jardin qui abrite des toiles anciennes recouvertes de peinture \u00e0 l&rsquo;huile en cro\u00fbte particuli\u00e8rement \u00e9paisse&#8230;<\/span><\/p>\n<p style=\"text-align: left;\"><span style=\"font-weight: 400;\">Le toit de la cabane est recouvert de lierre et de ch\u00e8vre-feuille, et la courette est le terrain de jeu et d&rsquo;envol de pigeons qui accompagnent mon aventure en solitaire.<\/span><\/p>\n<p style=\"text-align: left;\"><span style=\"font-weight: 400;\"><\/span><\/p>\n<p style=\"text-align: left;\"><span style=\"font-weight: 400;\">Marine Joatton<\/span><\/p>\n<p>[\/et_pb_text][\/et_pb_column][\/et_pb_row][\/et_pb_section]<\/p>\n","protected":false},"excerpt":{"rendered":"<p>www.joatton.comQuand quelqu&rsquo;un veut visiter mon atelier, je le mets en garde, je raconte que c&rsquo;est une grotte constell\u00e9e de peinture ! En g\u00e9n\u00e9ral, \u00e7a ne fait pas peur, au contraire, cela attise la curiosit\u00e9&#8230; Mon atelier est \u00e0 la fois un lieu de travail et de stockage. J&rsquo;y suis depuis douze ans et \u00e9tant tr\u00e8s [&hellip;]<\/p>\n","protected":false},"author":1,"featured_media":0,"parent":0,"menu_order":0,"comment_status":"closed","ping_status":"closed","template":"","meta":{"_et_pb_use_builder":"on","_et_pb_old_content":"","_et_gb_content_width":"","footnotes":""},"class_list":["post-82","page","type-page","status-publish","hentry"],"_links":{"self":[{"href":"https:\/\/subitoradio.com\/index.php\/wp-json\/wp\/v2\/pages\/82","targetHints":{"allow":["GET"]}}],"collection":[{"href":"https:\/\/subitoradio.com\/index.php\/wp-json\/wp\/v2\/pages"}],"about":[{"href":"https:\/\/subitoradio.com\/index.php\/wp-json\/wp\/v2\/types\/page"}],"author":[{"embeddable":true,"href":"https:\/\/subitoradio.com\/index.php\/wp-json\/wp\/v2\/users\/1"}],"replies":[{"embeddable":true,"href":"https:\/\/subitoradio.com\/index.php\/wp-json\/wp\/v2\/comments?post=82"}],"version-history":[{"count":13,"href":"https:\/\/subitoradio.com\/index.php\/wp-json\/wp\/v2\/pages\/82\/revisions"}],"predecessor-version":[{"id":300,"href":"https:\/\/subitoradio.com\/index.php\/wp-json\/wp\/v2\/pages\/82\/revisions\/300"}],"wp:attachment":[{"href":"https:\/\/subitoradio.com\/index.php\/wp-json\/wp\/v2\/media?parent=82"}],"curies":[{"name":"wp","href":"https:\/\/api.w.org\/{rel}","templated":true}]}}