{"id":845,"date":"2023-05-05T11:57:25","date_gmt":"2023-05-05T09:57:25","guid":{"rendered":"http:\/\/subitoradio.com\/?page_id=845"},"modified":"2023-05-05T12:42:51","modified_gmt":"2023-05-05T10:42:51","slug":"marie-ducate","status":"publish","type":"page","link":"https:\/\/subitoradio.com\/index.php\/marie-ducate\/","title":{"rendered":"Marie Ducat\u00e9"},"content":{"rendered":"<p>[et_pb_section fb_built=\u00a0\u00bb1&Prime; _builder_version=\u00a0\u00bb3.22&Prime; custom_padding=\u00a0\u00bb25px|0px|25px|0px\u00a0\u00bb global_colors_info=\u00a0\u00bb{}\u00a0\u00bb][\/et_pb_section][et_pb_section fb_built=\u00a0\u00bb1&Prime; _builder_version=\u00a0\u00bb3.22&Prime; custom_padding=\u00a0\u00bb25px|0px|25px|0px\u00a0\u00bb global_colors_info=\u00a0\u00bb{}\u00a0\u00bb][et_pb_row column_structure=\u00a0\u00bb1_3,2_3&Prime; _builder_version=\u00a0\u00bb3.25&Prime; custom_padding=\u00a0\u00bb0px|0px|0px|0px\u00a0\u00bb global_colors_info=\u00a0\u00bb{}\u00a0\u00bb][et_pb_column type=\u00a0\u00bb1_3&Prime; _builder_version=\u00a0\u00bb3.25&Prime; custom_padding=\u00a0\u00bb|||\u00a0\u00bb global_colors_info=\u00a0\u00bb{}\u00a0\u00bb custom_padding__hover=\u00a0\u00bb|||\u00a0\u00bb][et_pb_team_member name=\u00a0\u00bbMarie Ducat\u00e9\u00a0\u00bb position=\u00a0\u00bbartiste\u00a0\u00bb _builder_version=\u00a0\u00bb4.11.4&Prime; global_colors_info=\u00a0\u00bb{}\u00a0\u00bb]https:\/\/marie-ducate.com\/[\/et_pb_team_member][et_pb_audio audio=\u00a0\u00bbhttp:\/\/subitoradio.com\/wp-content\/uploads\/2023\/05\/marie-mix2.mp3&Prime; title=\u00a0\u00bbEntretien radiophonique avec Marie Ducat\u00e9\u00a0\u00bb artist_name=\u00a0\u00bbArmelle de Sainte Marie et Fr\u00e9d\u00e9ric Arcos\u00a0\u00bb album_name=\u00a0\u00bbin situ\u00a0\u00bb _builder_version=\u00a0\u00bb4.11.4&Prime; global_colors_info=\u00a0\u00bb{}\u00a0\u00bb][\/et_pb_audio][et_pb_audio audio=\u00a0\u00bbhttp:\/\/subitoradio.com\/wp-content\/uploads\/2023\/05\/Marie-le-son-de-la-terre.mp3&Prime; title=\u00a0\u00bbMarie Ducat\u00e9 \/ Le son de la terre\u00a0\u00bb artist_name=\u00a0\u00bbFr\u00e9d\u00e9ric Arcos\u00a0\u00bb _builder_version=\u00a0\u00bb4.11.4&Prime; _module_preset=\u00a0\u00bbdefault\u00a0\u00bb min_height=\u00a0\u00bb93.8px\u00a0\u00bb global_colors_info=\u00a0\u00bb{}\u00a0\u00bb][\/et_pb_audio][et_pb_text _builder_version=\u00a0\u00bb4.11.4&Prime; custom_margin=\u00a0\u00bb|-13px|59px|||\u00a0\u00bb custom_padding=\u00a0\u00bb|0px||||\u00a0\u00bb global_colors_info=\u00a0\u00bb{}\u00a0\u00bb]De l\u2019Art aux Arts D\u00e9coratifs, les fronti\u00e8res sont travers\u00e9es, sans pr\u00e9jug\u00e9s aucuns. Les sujets sont vari\u00e9s, s\u2019appuyant sur la litt\u00e9rature, l\u2019histoire de l\u2019art ou la musique, ou encore l&rsquo;architecture.<\/p>\n<p>J&rsquo; aime explorer, jouer, adapter chaque fois le geste et la mati\u00e8re pour trouver un sens \u00e0 l&rsquo;objet avec un plaisir, un d\u00e9sir, une gourmandise qui<strong>&nbsp;<\/strong>restent aiguis\u00e9s par la surprise.&nbsp;[\/et_pb_text][\/et_pb_column][et_pb_column type=\u00a0\u00bb2_3&Prime; _builder_version=\u00a0\u00bb3.25&Prime; custom_padding=\u00a0\u00bb|||\u00a0\u00bb global_colors_info=\u00a0\u00bb{}\u00a0\u00bb custom_padding__hover=\u00a0\u00bb|||\u00a0\u00bb][et_pb_image src=\u00a0\u00bbhttp:\/\/subitoradio.com\/wp-content\/uploads\/2023\/05\/marie_2.jpg\u00a0\u00bb title_text=\u00a0\u00bbmarie_2&Prime; show_bottom_space=\u00a0\u00bboff\u00a0\u00bb align=\u00a0\u00bbcenter\u00a0\u00bb align_tablet=\u00a0\u00bbcenter\u00a0\u00bb align_phone=\u00a0\u00bbcenter\u00a0\u00bb align_last_edited=\u00a0\u00bbon|desktop\u00a0\u00bb _builder_version=\u00a0\u00bb4.11.4&Prime; custom_margin=\u00a0\u00bb0px|0px|0px|0px\u00a0\u00bb custom_padding=\u00a0\u00bb0px|0px|0px|0px\u00a0\u00bb always_center_on_mobile=\u00a0\u00bbon\u00a0\u00bb global_colors_info=\u00a0\u00bb{}\u00a0\u00bb][\/et_pb_image][\/et_pb_column][\/et_pb_row][et_pb_row _builder_version=\u00a0\u00bb3.25&Prime; custom_padding=\u00a0\u00bb0px|0px|0px|0px\u00a0\u00bb global_colors_info=\u00a0\u00bb{}\u00a0\u00bb][et_pb_column type=\u00a0\u00bb4_4&Prime; _builder_version=\u00a0\u00bb3.25&Prime; custom_padding=\u00a0\u00bb|||\u00a0\u00bb global_colors_info=\u00a0\u00bb{}\u00a0\u00bb custom_padding__hover=\u00a0\u00bb|||\u00a0\u00bb][\/et_pb_column][\/et_pb_row][\/et_pb_section]<\/p>\n","protected":false},"excerpt":{"rendered":"<p>https:\/\/marie-ducate.com\/De l\u2019Art aux Arts D\u00e9coratifs, les fronti\u00e8res sont travers\u00e9es, sans pr\u00e9jug\u00e9s aucuns. Les sujets sont vari\u00e9s, s\u2019appuyant sur la litt\u00e9rature, l\u2019histoire de l\u2019art ou la musique, ou encore l&rsquo;architecture. J&rsquo; aime explorer, jouer, adapter chaque fois le geste et la mati\u00e8re pour trouver un sens \u00e0 l&rsquo;objet avec un plaisir, un d\u00e9sir, une gourmandise qui&nbsp;restent [&hellip;]<\/p>\n","protected":false},"author":1,"featured_media":0,"parent":0,"menu_order":0,"comment_status":"closed","ping_status":"closed","template":"","meta":{"_et_pb_use_builder":"on","_et_pb_old_content":"","_et_gb_content_width":"","footnotes":""},"class_list":["post-845","page","type-page","status-publish","hentry"],"_links":{"self":[{"href":"https:\/\/subitoradio.com\/index.php\/wp-json\/wp\/v2\/pages\/845","targetHints":{"allow":["GET"]}}],"collection":[{"href":"https:\/\/subitoradio.com\/index.php\/wp-json\/wp\/v2\/pages"}],"about":[{"href":"https:\/\/subitoradio.com\/index.php\/wp-json\/wp\/v2\/types\/page"}],"author":[{"embeddable":true,"href":"https:\/\/subitoradio.com\/index.php\/wp-json\/wp\/v2\/users\/1"}],"replies":[{"embeddable":true,"href":"https:\/\/subitoradio.com\/index.php\/wp-json\/wp\/v2\/comments?post=845"}],"version-history":[{"count":7,"href":"https:\/\/subitoradio.com\/index.php\/wp-json\/wp\/v2\/pages\/845\/revisions"}],"predecessor-version":[{"id":861,"href":"https:\/\/subitoradio.com\/index.php\/wp-json\/wp\/v2\/pages\/845\/revisions\/861"}],"wp:attachment":[{"href":"https:\/\/subitoradio.com\/index.php\/wp-json\/wp\/v2\/media?parent=845"}],"curies":[{"name":"wp","href":"https:\/\/api.w.org\/{rel}","templated":true}]}}